{"id":245164,"date":"2022-10-26T15:28:09","date_gmt":"2022-10-26T13:28:09","guid":{"rendered":"https:\/\/megacase.com\/product\/flightcase-ma-grandma3-fader-wing\/"},"modified":"2022-10-27T09:08:09","modified_gmt":"2022-10-27T07:08:09","slug":"flightcase-ma-grandma3-fader-wing","status":"publish","type":"product","link":"https:\/\/megacase.com\/fr\/produit\/flightcase-ma-grandma3-fader-wing\/","title":{"rendered":"Flightcase MA GrandMA3 Fader Wing"},"content":{"rendered":"<p>Flightcase assorti pour une grandMA3 ONPC Fader wing<br \/>\n\u00e0 partir de 6,8 mm Rev\u00eatement Multiplex<br \/>\nLa couleur noire<br \/>\nEchiv\u00e9es en aluminium de 25 x 25 mm<br \/>\n4 fermetures de papillons<br \/>\n1 poign\u00e9e en cuir<br \/>\n8 coins de la balle moyenne<br \/>\n4 pieds en caoutchouc 25 x 15 mm<br \/>\nRembourrage en mousse<br \/>\nL&rsquo;appareil peut \u00eatre utilis\u00e9 dans la partie inf\u00e9rieure<br \/>\nSi\u00e8ge arri\u00e8re pour c\u00e2ble<br \/>\nFabriqu\u00e9 en Allemagne<br \/>\nSignes ext\u00e9rieures BXTXH env.: 312 x 610 x 184 mm<br \/>\nPoids env.: 5,7 kg<\/p>\n","protected":false},"excerpt":{"rendered":"<p>Flightcase assorti pour une grandMA3 ONPC Fader wing \u00e0 partir de 6,8 mm Rev\u00eatement Multiplex La couleur noire Echiv\u00e9es en<\/p>\n","protected":false},"featured_media":245133,"template":"","meta":{"_acf_changed":false},"product_brand":[],"product_cat":[13828],"product_tag":[],"class_list":{"0":"post-245164","1":"product","2":"type-product","3":"status-publish","4":"has-post-thumbnail","6":"product_cat-mischpult-cases-fr","8":"first","9":"instock","10":"taxable","11":"shipping-taxable","12":"purchasable","13":"product-type-simple"},"acf":[],"_links":{"self":[{"href":"https:\/\/megacase.com\/fr\/wp-json\/wp\/v2\/product\/245164","targetHints":{"allow":["GET"]}}],"collection":[{"href":"https:\/\/megacase.com\/fr\/wp-json\/wp\/v2\/product"}],"about":[{"href":"https:\/\/megacase.com\/fr\/wp-json\/wp\/v2\/types\/product"}],"wp:featuredmedia":[{"embeddable":true,"href":"https:\/\/megacase.com\/fr\/wp-json\/wp\/v2\/media\/245133"}],"wp:attachment":[{"href":"https:\/\/megacase.com\/fr\/wp-json\/wp\/v2\/media?parent=245164"}],"wp:term":[{"taxonomy":"product_brand","embeddable":true,"href":"https:\/\/megacase.com\/fr\/wp-json\/wp\/v2\/product_brand?post=245164"},{"taxonomy":"product_cat","embeddable":true,"href":"https:\/\/megacase.com\/fr\/wp-json\/wp\/v2\/product_cat?post=245164"},{"taxonomy":"product_tag","embeddable":true,"href":"https:\/\/megacase.com\/fr\/wp-json\/wp\/v2\/product_tag?post=245164"}],"curies":[{"name":"wp","href":"https:\/\/api.w.org\/{rel}","templated":true}]}}