{"id":245105,"date":"2022-10-26T15:00:40","date_gmt":"2022-10-26T13:00:40","guid":{"rendered":"https:\/\/megacase.com\/product\/flightcase-korg-volca-sample\/"},"modified":"2026-03-26T13:31:47","modified_gmt":"2026-03-26T12:31:47","slug":"flightcase-korg-volca-sample","status":"publish","type":"product","link":"https:\/\/megacase.com\/fr\/produit\/flightcase-korg-volca-sample\/","title":{"rendered":"Flightcase Korg Volca Sample"},"content":{"rendered":"<p>\u00c9tui assorti pour Korg Volca Sample<br \/>\nFabriqu\u00e9 en contreplaqu\u00e9 de 6,8 mm recouvert de r\u00e9sine ph\u00e9nolique<br \/>\nCouleur marron<br \/>\nBord en aluminium 22 x 22 mm<br \/>\n2 petits papillons<br \/>\n1 poign\u00e9e de valise<br \/>\n8 boules corners petit<br \/>\n4 pieds en caoutchouc 25 x 15 mm<br \/>\nrembourrage en mousse<br \/>\nCompartiment pour alimentation<br \/>\nFabriqu\u00e9 en Allemagne<br \/>\nDimensions ext\u00e9rieures environ LxPxH : 255x228x114 mm<br \/>\nPoids environ 1,8 kg<\/p>\n","protected":false},"excerpt":{"rendered":"<p>\u00c9tui assorti pour Korg Volca Sample Fabriqu\u00e9 en contreplaqu\u00e9 de 6,8 mm recouvert de r\u00e9sine ph\u00e9nolique Couleur marron Bord en<\/p>\n","protected":false},"featured_media":245050,"template":"","meta":{"_acf_changed":false},"product_brand":[],"product_cat":[15558],"product_tag":[],"class_list":{"0":"post-245105","1":"product","2":"type-product","3":"status-publish","4":"has-post-thumbnail","6":"product_cat-synthesizer-utilisation","8":"first","9":"instock","10":"taxable","11":"shipping-taxable","12":"purchasable","13":"product-type-simple"},"acf":[],"_links":{"self":[{"href":"https:\/\/megacase.com\/fr\/wp-json\/wp\/v2\/product\/245105","targetHints":{"allow":["GET"]}}],"collection":[{"href":"https:\/\/megacase.com\/fr\/wp-json\/wp\/v2\/product"}],"about":[{"href":"https:\/\/megacase.com\/fr\/wp-json\/wp\/v2\/types\/product"}],"wp:featuredmedia":[{"embeddable":true,"href":"https:\/\/megacase.com\/fr\/wp-json\/wp\/v2\/media\/245050"}],"wp:attachment":[{"href":"https:\/\/megacase.com\/fr\/wp-json\/wp\/v2\/media?parent=245105"}],"wp:term":[{"taxonomy":"product_brand","embeddable":true,"href":"https:\/\/megacase.com\/fr\/wp-json\/wp\/v2\/product_brand?post=245105"},{"taxonomy":"product_cat","embeddable":true,"href":"https:\/\/megacase.com\/fr\/wp-json\/wp\/v2\/product_cat?post=245105"},{"taxonomy":"product_tag","embeddable":true,"href":"https:\/\/megacase.com\/fr\/wp-json\/wp\/v2\/product_tag?post=245105"}],"curies":[{"name":"wp","href":"https:\/\/api.w.org\/{rel}","templated":true}]}}