{"id":245041,"date":"2022-10-26T14:33:33","date_gmt":"2022-10-26T12:33:33","guid":{"rendered":"https:\/\/megacase.com\/product\/roadcase-behringer-wing-wheels\/"},"modified":"2026-03-26T13:31:47","modified_gmt":"2026-03-26T12:31:47","slug":"roadcase-behringer-wing-wheels","status":"publish","type":"product","link":"https:\/\/megacase.com\/fr\/produit\/roadcase-behringer-wing-wheels\/","title":{"rendered":"Roadcase Behringer WING + Wheels"},"content":{"rendered":"<p>\u00e9tui sur mesure pour une Behringer Wing<br \/>\nFabriqu\u00e9 en multiplex de bouleau de 9 mm enduit de PVC<br \/>\nLa couleur noire<br \/>\nBord en aluminium 30x30mm<br \/>\n4 fermoirs papillon moyen<br \/>\n10 poign\u00e9e pliante moyenne<br \/>\n8 coins \u00e0 boule larges pour 2 trous de 30 mm<br \/>\n8 L coin moyen<br \/>\n1 bac d&rsquo;a\u00e9ration<br \/>\nrembourrage en mousse<br \/>\nDockhouse de 10 cm de profondeur<br \/>\n4 roulettes pivotantes 100 mm \/ 2x avec freins<br \/>\nglissi\u00e8res<br \/>\nL&rsquo;aile peut \u00eatre actionn\u00e9e dans la partie inf\u00e9rieure<br \/>\nFabriqu\u00e9 en Allemagne<br \/>\nDimensions ext\u00e9rieures LxPxH 940x943x325 mm<br \/>\nPoids : 38 kg<\/p>\n","protected":false},"excerpt":{"rendered":"<p>\u00e9tui sur mesure pour une Behringer Wing Fabriqu\u00e9 en multiplex de bouleau de 9 mm enduit de PVC La couleur<\/p>\n","protected":false},"featured_media":260180,"template":"","meta":{"_acf_changed":false},"product_brand":[],"product_cat":[15042],"product_tag":[],"class_list":{"0":"post-245041","1":"product","2":"type-product","3":"status-publish","4":"has-post-thumbnail","6":"product_cat-non-classifiee","8":"first","9":"instock","10":"taxable","11":"shipping-taxable","12":"purchasable","13":"product-type-simple"},"acf":[],"_links":{"self":[{"href":"https:\/\/megacase.com\/fr\/wp-json\/wp\/v2\/product\/245041","targetHints":{"allow":["GET"]}}],"collection":[{"href":"https:\/\/megacase.com\/fr\/wp-json\/wp\/v2\/product"}],"about":[{"href":"https:\/\/megacase.com\/fr\/wp-json\/wp\/v2\/types\/product"}],"wp:featuredmedia":[{"embeddable":true,"href":"https:\/\/megacase.com\/fr\/wp-json\/wp\/v2\/media\/260180"}],"wp:attachment":[{"href":"https:\/\/megacase.com\/fr\/wp-json\/wp\/v2\/media?parent=245041"}],"wp:term":[{"taxonomy":"product_brand","embeddable":true,"href":"https:\/\/megacase.com\/fr\/wp-json\/wp\/v2\/product_brand?post=245041"},{"taxonomy":"product_cat","embeddable":true,"href":"https:\/\/megacase.com\/fr\/wp-json\/wp\/v2\/product_cat?post=245041"},{"taxonomy":"product_tag","embeddable":true,"href":"https:\/\/megacase.com\/fr\/wp-json\/wp\/v2\/product_tag?post=245041"}],"curies":[{"name":"wp","href":"https:\/\/api.w.org\/{rel}","templated":true}]}}