{"id":243616,"date":"2022-09-06T15:38:56","date_gmt":"2022-09-06T13:38:56","guid":{"rendered":"https:\/\/megacase.com\/product\/14u-rack-rail-set\/"},"modified":"2026-03-26T13:31:48","modified_gmt":"2026-03-26T12:31:48","slug":"14u-rack-rail-set","status":"publish","type":"product","link":"https:\/\/megacase.com\/fr\/produit\/14u-rack-rail-set\/","title":{"rendered":"14U Rack Rail Set"},"content":{"rendered":"<p>Rail de rack en direct 14U,<br \/>\nKit de montage sur rail rack pour 14U Live Rack,<br \/>\n\u00e0 monter soi-m\u00eame en Live Rack 14U,<br \/>\n2 rails de cr\u00e9maill\u00e8re \u00e9quip\u00e9s d&rsquo;\u00e9crous et de tuyauterie en caoutchouc,<br \/>\nrivets de fixation,<br \/>\nVis de cr\u00e9maill\u00e8re M6x12 avec rondelles assorties,<br \/>\nstabilisateurs<br \/>\nFabriqu\u00e9 en Allemagne<\/p>\n","protected":false},"excerpt":{"rendered":"<p>Rail de rack en direct 14U, Kit de montage sur rail rack pour 14U Live Rack, \u00e0 monter soi-m\u00eame en<\/p>\n","protected":false},"featured_media":243605,"template":"","meta":{"_acf_changed":false},"product_brand":[],"product_cat":[13809],"product_tag":[],"class_list":{"0":"post-243616","1":"product","2":"type-product","3":"status-publish","4":"has-post-thumbnail","6":"product_cat-zubehoer-rack-fr","8":"first","9":"instock","10":"taxable","11":"shipping-taxable","12":"purchasable","13":"product-type-simple"},"acf":[],"_links":{"self":[{"href":"https:\/\/megacase.com\/fr\/wp-json\/wp\/v2\/product\/243616","targetHints":{"allow":["GET"]}}],"collection":[{"href":"https:\/\/megacase.com\/fr\/wp-json\/wp\/v2\/product"}],"about":[{"href":"https:\/\/megacase.com\/fr\/wp-json\/wp\/v2\/types\/product"}],"wp:featuredmedia":[{"embeddable":true,"href":"https:\/\/megacase.com\/fr\/wp-json\/wp\/v2\/media\/243605"}],"wp:attachment":[{"href":"https:\/\/megacase.com\/fr\/wp-json\/wp\/v2\/media?parent=243616"}],"wp:term":[{"taxonomy":"product_brand","embeddable":true,"href":"https:\/\/megacase.com\/fr\/wp-json\/wp\/v2\/product_brand?post=243616"},{"taxonomy":"product_cat","embeddable":true,"href":"https:\/\/megacase.com\/fr\/wp-json\/wp\/v2\/product_cat?post=243616"},{"taxonomy":"product_tag","embeddable":true,"href":"https:\/\/megacase.com\/fr\/wp-json\/wp\/v2\/product_tag?post=243616"}],"curies":[{"name":"wp","href":"https:\/\/api.w.org\/{rel}","templated":true}]}}