{"id":243612,"date":"2022-09-06T15:34:52","date_gmt":"2022-09-06T13:34:52","guid":{"rendered":"https:\/\/megacase.com\/product\/12u-rack-rail-set\/"},"modified":"2026-03-26T13:31:49","modified_gmt":"2026-03-26T12:31:49","slug":"12u-rack-rail-set","status":"publish","type":"product","link":"https:\/\/megacase.com\/fr\/produit\/12u-rack-rail-set\/","title":{"rendered":"12U Rack Rail Set"},"content":{"rendered":"<p>Kit de montage sur rail de rack pour 12U Live Rack<br \/>\n\u00e0 monter soi-m\u00eame dans Megacase Live Rack 12U<br \/>\n2 rails de cr\u00e9maill\u00e8re<br \/>\n\u00e9quip\u00e9 d&rsquo;\u00e9crous et de tuyaux en caoutchouc<br \/>\nrivets de fixation<br \/>\nVis de rack M6x12 avec rondelles assorties<br \/>\nstabilisateurs<\/p>\n","protected":false},"excerpt":{"rendered":"<p>Kit de montage sur rail de rack pour 12U Live Rack \u00e0 monter soi-m\u00eame dans Megacase Live Rack 12U 2<\/p>\n","protected":false},"featured_media":243605,"template":"","meta":{"_acf_changed":false},"product_brand":[],"product_cat":[13809],"product_tag":[],"class_list":{"0":"post-243612","1":"product","2":"type-product","3":"status-publish","4":"has-post-thumbnail","6":"product_cat-zubehoer-rack-fr","8":"first","9":"instock","10":"taxable","11":"shipping-taxable","12":"purchasable","13":"product-type-simple"},"acf":[],"_links":{"self":[{"href":"https:\/\/megacase.com\/fr\/wp-json\/wp\/v2\/product\/243612","targetHints":{"allow":["GET"]}}],"collection":[{"href":"https:\/\/megacase.com\/fr\/wp-json\/wp\/v2\/product"}],"about":[{"href":"https:\/\/megacase.com\/fr\/wp-json\/wp\/v2\/types\/product"}],"wp:featuredmedia":[{"embeddable":true,"href":"https:\/\/megacase.com\/fr\/wp-json\/wp\/v2\/media\/243605"}],"wp:attachment":[{"href":"https:\/\/megacase.com\/fr\/wp-json\/wp\/v2\/media?parent=243612"}],"wp:term":[{"taxonomy":"product_brand","embeddable":true,"href":"https:\/\/megacase.com\/fr\/wp-json\/wp\/v2\/product_brand?post=243612"},{"taxonomy":"product_cat","embeddable":true,"href":"https:\/\/megacase.com\/fr\/wp-json\/wp\/v2\/product_cat?post=243612"},{"taxonomy":"product_tag","embeddable":true,"href":"https:\/\/megacase.com\/fr\/wp-json\/wp\/v2\/product_tag?post=243612"}],"curies":[{"name":"wp","href":"https:\/\/api.w.org\/{rel}","templated":true}]}}