{"id":243592,"date":"2022-09-06T15:28:15","date_gmt":"2022-09-06T13:28:15","guid":{"rendered":"https:\/\/megacase.com\/product\/keyboard-case-clavia-nord-piano-5-73\/"},"modified":"2026-03-26T13:31:49","modified_gmt":"2026-03-26T12:31:49","slug":"keyboard-case-clavia-nord-piano-5-73","status":"publish","type":"product","link":"https:\/\/megacase.com\/fr\/produit\/keyboard-case-clavia-nord-piano-5-73\/","title":{"rendered":"Keyboard Case Clavia Nord Piano 5 73"},"content":{"rendered":"<p>Valise de transport adapt\u00e9e pour Clavia Nord Piano 5 73<br \/>\navec compartiment pour Nord Triple Pedal<br \/>\nContreplaqu\u00e9 de 6,8 mm recouvert de r\u00e9sine ph\u00e9nolique<br \/>\nCouleur marron<br \/>\nBords en aluminium 30x30mm<br \/>\n2 fermoirs papillon<br \/>\n1 mousqueton avec oeillet<br \/>\n3 charni\u00e8res verrouillables<br \/>\n2 poign\u00e9es rabattables moyennes<br \/>\n1 poign\u00e9e en simili cuir<br \/>\n8 coins boule moyen<br \/>\nrembourrage en mousse<br \/>\nFabriqu\u00e9 en Allemagne<br \/>\nDimensions ext\u00e9rieures LxPxH : environ 1435 x 423 x 175 mm<br \/>\nPoids : environ 13,9 kg<br \/>\nPoids avec Nord Piano et Triple Pedal : environ 32,0 kg<\/p>\n","protected":false},"excerpt":{"rendered":"<p>Valise de transport adapt\u00e9e pour Clavia Nord Piano 5 73 avec compartiment pour Nord Triple Pedal Contreplaqu\u00e9 de 6,8 mm<\/p>\n","protected":false},"featured_media":243573,"template":"","meta":{"_acf_changed":false},"product_brand":[],"product_cat":[13787],"product_tag":[],"class_list":{"0":"post-243592","1":"product","2":"type-product","3":"status-publish","4":"has-post-thumbnail","6":"product_cat-keyboard-cases-fr","8":"first","9":"instock","10":"taxable","11":"shipping-taxable","12":"purchasable","13":"product-type-simple"},"acf":[],"_links":{"self":[{"href":"https:\/\/megacase.com\/fr\/wp-json\/wp\/v2\/product\/243592","targetHints":{"allow":["GET"]}}],"collection":[{"href":"https:\/\/megacase.com\/fr\/wp-json\/wp\/v2\/product"}],"about":[{"href":"https:\/\/megacase.com\/fr\/wp-json\/wp\/v2\/types\/product"}],"wp:featuredmedia":[{"embeddable":true,"href":"https:\/\/megacase.com\/fr\/wp-json\/wp\/v2\/media\/243573"}],"wp:attachment":[{"href":"https:\/\/megacase.com\/fr\/wp-json\/wp\/v2\/media?parent=243592"}],"wp:term":[{"taxonomy":"product_brand","embeddable":true,"href":"https:\/\/megacase.com\/fr\/wp-json\/wp\/v2\/product_brand?post=243592"},{"taxonomy":"product_cat","embeddable":true,"href":"https:\/\/megacase.com\/fr\/wp-json\/wp\/v2\/product_cat?post=243592"},{"taxonomy":"product_tag","embeddable":true,"href":"https:\/\/megacase.com\/fr\/wp-json\/wp\/v2\/product_tag?post=243592"}],"curies":[{"name":"wp","href":"https:\/\/api.w.org\/{rel}","templated":true}]}}