{"id":243538,"date":"2022-09-06T15:22:49","date_gmt":"2022-09-06T13:22:49","guid":{"rendered":"https:\/\/megacase.com\/product\/flightcase-korg-modwave-kk\/"},"modified":"2026-03-26T13:31:49","modified_gmt":"2026-03-26T12:31:49","slug":"flightcase-korg-modwave-kk","status":"publish","type":"product","link":"https:\/\/megacase.com\/fr\/produit\/flightcase-korg-modwave-kk\/","title":{"rendered":"Flightcase Korg Modwave + KK"},"content":{"rendered":"<p>Housse de capot assortie pour un synth\u00e9tiseur Korg Modwave<br \/>\nContreplaqu\u00e9 de 6,8 mm recouvert de r\u00e9sine ph\u00e9nolique<br \/>\nCouleur marron<br \/>\nChant en aluminium 22&#215;22 mm<br \/>\n2 petits fermoirs papillon<br \/>\n1 poign\u00e9e en cuir<br \/>\n4 pieds en caoutchouc<br \/>\n8 coins \u00e0 billes en acier petits<br \/>\nrembourrage en mousse<br \/>\nL&rsquo;appareil peut \u00eatre utilis\u00e9 dans la partie inf\u00e9rieure<br \/>\nEspace de 100 mm \u00e0 l&rsquo;arri\u00e8re pour les c\u00e2bles<br \/>\nFabriqu\u00e9 en Allemagne<br \/>\nDimensions ext\u00e9rieures LxPxH : environ 635 x 515 x 145 mm<br \/>\nPoids : environ 6 kg<br \/>\nPoids avec Korg Modwave : environ 8,9 kg<\/p>\n","protected":false},"excerpt":{"rendered":"<p>Housse de capot assortie pour un synth\u00e9tiseur Korg Modwave Contreplaqu\u00e9 de 6,8 mm recouvert de r\u00e9sine ph\u00e9nolique Couleur marron Chant<\/p>\n","protected":false},"featured_media":243527,"template":"","meta":{"_acf_changed":false},"product_brand":[],"product_cat":[15558],"product_tag":[],"class_list":{"0":"post-243538","1":"product","2":"type-product","3":"status-publish","4":"has-post-thumbnail","6":"product_cat-synthesizer-utilisation","8":"first","9":"instock","10":"taxable","11":"shipping-taxable","12":"purchasable","13":"product-type-simple"},"acf":[],"_links":{"self":[{"href":"https:\/\/megacase.com\/fr\/wp-json\/wp\/v2\/product\/243538","targetHints":{"allow":["GET"]}}],"collection":[{"href":"https:\/\/megacase.com\/fr\/wp-json\/wp\/v2\/product"}],"about":[{"href":"https:\/\/megacase.com\/fr\/wp-json\/wp\/v2\/types\/product"}],"wp:featuredmedia":[{"embeddable":true,"href":"https:\/\/megacase.com\/fr\/wp-json\/wp\/v2\/media\/243527"}],"wp:attachment":[{"href":"https:\/\/megacase.com\/fr\/wp-json\/wp\/v2\/media?parent=243538"}],"wp:term":[{"taxonomy":"product_brand","embeddable":true,"href":"https:\/\/megacase.com\/fr\/wp-json\/wp\/v2\/product_brand?post=243538"},{"taxonomy":"product_cat","embeddable":true,"href":"https:\/\/megacase.com\/fr\/wp-json\/wp\/v2\/product_cat?post=243538"},{"taxonomy":"product_tag","embeddable":true,"href":"https:\/\/megacase.com\/fr\/wp-json\/wp\/v2\/product_tag?post=243538"}],"curies":[{"name":"wp","href":"https:\/\/api.w.org\/{rel}","templated":true}]}}