{"id":243454,"date":"2022-09-06T15:17:28","date_gmt":"2022-09-06T13:17:28","guid":{"rendered":"https:\/\/megacase.com\/product\/case-tascam-mixcast-4-kk\/"},"modified":"2026-03-26T13:31:50","modified_gmt":"2026-03-26T12:31:50","slug":"case-tascam-mixcast-4-kk","status":"publish","type":"product","link":"https:\/\/megacase.com\/fr\/produit\/case-tascam-mixcast-4-kk\/","title":{"rendered":"Case Tascam Mixcast 4 + KK"},"content":{"rendered":"<p>Housse de capot assortie pour l&rsquo;interface audio Tascam Mixcast 4<br \/>\nFabriqu\u00e9 \u00e0 partir de contreplaqu\u00e9 de 6,8 mm avec un rev\u00eatement ph\u00e9nolique<br \/>\nCouleur marron<br \/>\nBord en aluminium 22 x 22 mm<br \/>\n2 petits fermoirs papillon<br \/>\n1 poign\u00e9e de valise<br \/>\n4 pieds en caoutchouc 25x15mm<br \/>\n8 boules corners petit<br \/>\nrembourrage en mousse<br \/>\nL&rsquo;appareil peut \u00eatre utilis\u00e9 dans la partie inf\u00e9rieure<br \/>\nGoulotte de c\u00e2ble de 11 cm derri\u00e8re l&rsquo;appareil<br \/>\nFabriqu\u00e9 en Allemagne<br \/>\nDimensions ext\u00e9rieures LxPxH : environ 455x433x146mm<br \/>\nPoids : 4,5 kg<br \/>\nPoids avec Tascam Mixcast : environ 7,1 kg<\/p>\n","protected":false},"excerpt":{"rendered":"<p>Housse de capot assortie pour l&rsquo;interface audio Tascam Mixcast 4 Fabriqu\u00e9 \u00e0 partir de contreplaqu\u00e9 de 6,8 mm avec un<\/p>\n","protected":false},"featured_media":243431,"template":"","meta":{"_acf_changed":false},"product_brand":[],"product_cat":[13828],"product_tag":[],"class_list":{"0":"post-243454","1":"product","2":"type-product","3":"status-publish","4":"has-post-thumbnail","6":"product_cat-mischpult-cases-fr","8":"first","9":"instock","10":"taxable","11":"shipping-taxable","12":"purchasable","13":"product-type-simple"},"acf":[],"_links":{"self":[{"href":"https:\/\/megacase.com\/fr\/wp-json\/wp\/v2\/product\/243454","targetHints":{"allow":["GET"]}}],"collection":[{"href":"https:\/\/megacase.com\/fr\/wp-json\/wp\/v2\/product"}],"about":[{"href":"https:\/\/megacase.com\/fr\/wp-json\/wp\/v2\/types\/product"}],"wp:featuredmedia":[{"embeddable":true,"href":"https:\/\/megacase.com\/fr\/wp-json\/wp\/v2\/media\/243431"}],"wp:attachment":[{"href":"https:\/\/megacase.com\/fr\/wp-json\/wp\/v2\/media?parent=243454"}],"wp:term":[{"taxonomy":"product_brand","embeddable":true,"href":"https:\/\/megacase.com\/fr\/wp-json\/wp\/v2\/product_brand?post=243454"},{"taxonomy":"product_cat","embeddable":true,"href":"https:\/\/megacase.com\/fr\/wp-json\/wp\/v2\/product_cat?post=243454"},{"taxonomy":"product_tag","embeddable":true,"href":"https:\/\/megacase.com\/fr\/wp-json\/wp\/v2\/product_tag?post=243454"}],"curies":[{"name":"wp","href":"https:\/\/api.w.org\/{rel}","templated":true}]}}