{"id":243373,"date":"2022-09-06T14:35:24","date_gmt":"2022-09-06T12:35:24","guid":{"rendered":"https:\/\/megacase.com\/product\/inlay-sennheiser-ew-d-series-4-4\/"},"modified":"2026-03-26T13:31:50","modified_gmt":"2026-03-26T12:31:50","slug":"inlay-sennheiser-ew-d-series-4-4","status":"publish","type":"product","link":"https:\/\/megacase.com\/fr\/produit\/inlay-sennheiser-ew-d-series-4-4\/","title":{"rendered":"Inlay Sennheiser EW-D Series 4\/4"},"content":{"rendered":"<p>Convient \u00e0 <a href=\"https:\/\/megacase.com\/fr\/produit\/19-rackschublade-stahl-2he-abschliessbar\/\">2 tiroirs de rack avec<\/a> extension compl\u00e8te ou valise de syst\u00e8me Inlay<br \/>\nEspace pour 4 Sennheiser EW-D Series Transmetteur de la main \/ de poche avec E935 \/ 945\/965 Capsule<br \/>\nMousse bicolore noir \/ rouge<br \/>\nCompartiment accessoire<br \/>\nSortie pour les piles de remplacement<br \/>\nFabriqu\u00e9 en Allemagne<br \/>\nDimensions LXP: env. 375 x 405<br \/>\nPoids: env. 0,3 kg<\/p>\n","protected":false},"excerpt":{"rendered":"<p>Convient \u00e0 2 tiroirs de rack avec extension compl\u00e8te ou valise de syst\u00e8me Inlay Espace pour 4 Sennheiser EW-D Series<\/p>\n","protected":false},"featured_media":243366,"template":"","meta":{"_acf_changed":false},"product_brand":[],"product_cat":[15753],"product_tag":[],"class_list":{"0":"post-243373","1":"product","2":"type-product","3":"status-publish","4":"has-post-thumbnail","6":"product_cat-microphone-case-utilisation","8":"first","9":"instock","10":"taxable","11":"shipping-taxable","12":"purchasable","13":"product-type-simple"},"acf":[],"_links":{"self":[{"href":"https:\/\/megacase.com\/fr\/wp-json\/wp\/v2\/product\/243373","targetHints":{"allow":["GET"]}}],"collection":[{"href":"https:\/\/megacase.com\/fr\/wp-json\/wp\/v2\/product"}],"about":[{"href":"https:\/\/megacase.com\/fr\/wp-json\/wp\/v2\/types\/product"}],"wp:featuredmedia":[{"embeddable":true,"href":"https:\/\/megacase.com\/fr\/wp-json\/wp\/v2\/media\/243366"}],"wp:attachment":[{"href":"https:\/\/megacase.com\/fr\/wp-json\/wp\/v2\/media?parent=243373"}],"wp:term":[{"taxonomy":"product_brand","embeddable":true,"href":"https:\/\/megacase.com\/fr\/wp-json\/wp\/v2\/product_brand?post=243373"},{"taxonomy":"product_cat","embeddable":true,"href":"https:\/\/megacase.com\/fr\/wp-json\/wp\/v2\/product_cat?post=243373"},{"taxonomy":"product_tag","embeddable":true,"href":"https:\/\/megacase.com\/fr\/wp-json\/wp\/v2\/product_tag?post=243373"}],"curies":[{"name":"wp","href":"https:\/\/api.w.org\/{rel}","templated":true}]}}