{"id":243345,"date":"2022-09-06T14:29:31","date_gmt":"2022-09-06T12:29:31","guid":{"rendered":"https:\/\/megacase.com\/product\/inlay-sennheiser-ew-d-series-2-2\/"},"modified":"2026-03-26T13:31:50","modified_gmt":"2026-03-26T12:31:50","slug":"inlay-sennheiser-ew-d-series-2-2","status":"publish","type":"product","link":"https:\/\/megacase.com\/fr\/produit\/inlay-sennheiser-ew-d-series-2-2\/","title":{"rendered":"Inlay Sennheiser EW-D Series 2\/2"},"content":{"rendered":"<p>Convient \u00e0 <a href=\"https:\/\/megacase.com\/fr\/produit\/19-rackschublade-stahl-2he-abschliessbar\/\">2 tiroirs de rack avec<\/a> extension compl\u00e8te ou valise de syst\u00e8me Inlay<br \/>\nPour l&rsquo;\u00e9metteur de la main \/ de la machine de la s\u00e9rie EW-D Sennheiser avec la capsule E935 \/ 945\/965<br \/>\nMousse bicolore noir \/ rouge<br \/>\nCompartiment accessoire<br \/>\nSortie pour les piles de remplacement<br \/>\nFabriqu\u00e9 en Allemagne<br \/>\nDimensions LxP: env. 375 x 405<br \/>\nPoids: env. 0,3 kg<\/p>\n","protected":false},"excerpt":{"rendered":"<p>Convient \u00e0 2 tiroirs de rack avec extension compl\u00e8te ou valise de syst\u00e8me Inlay Pour l&rsquo;\u00e9metteur de la main \/<\/p>\n","protected":false},"featured_media":243342,"template":"","meta":{"_acf_changed":false},"product_brand":[],"product_cat":[15753],"product_tag":[],"class_list":{"0":"post-243345","1":"product","2":"type-product","3":"status-publish","4":"has-post-thumbnail","6":"product_cat-microphone-case-utilisation","8":"first","9":"instock","10":"taxable","11":"shipping-taxable","12":"purchasable","13":"product-type-simple"},"acf":[],"_links":{"self":[{"href":"https:\/\/megacase.com\/fr\/wp-json\/wp\/v2\/product\/243345","targetHints":{"allow":["GET"]}}],"collection":[{"href":"https:\/\/megacase.com\/fr\/wp-json\/wp\/v2\/product"}],"about":[{"href":"https:\/\/megacase.com\/fr\/wp-json\/wp\/v2\/types\/product"}],"wp:featuredmedia":[{"embeddable":true,"href":"https:\/\/megacase.com\/fr\/wp-json\/wp\/v2\/media\/243342"}],"wp:attachment":[{"href":"https:\/\/megacase.com\/fr\/wp-json\/wp\/v2\/media?parent=243345"}],"wp:term":[{"taxonomy":"product_brand","embeddable":true,"href":"https:\/\/megacase.com\/fr\/wp-json\/wp\/v2\/product_brand?post=243345"},{"taxonomy":"product_cat","embeddable":true,"href":"https:\/\/megacase.com\/fr\/wp-json\/wp\/v2\/product_cat?post=243345"},{"taxonomy":"product_tag","embeddable":true,"href":"https:\/\/megacase.com\/fr\/wp-json\/wp\/v2\/product_tag?post=243345"}],"curies":[{"name":"wp","href":"https:\/\/api.w.org\/{rel}","templated":true}]}}