{"id":243289,"date":"2022-09-06T14:08:00","date_gmt":"2022-09-06T12:08:00","guid":{"rendered":"https:\/\/megacase.com\/product\/flightcase-mackie-onyx-12\/"},"modified":"2026-03-26T13:31:51","modified_gmt":"2026-03-26T12:31:51","slug":"flightcase-mackie-onyx-12","status":"publish","type":"product","link":"https:\/\/megacase.com\/fr\/produit\/flightcase-mackie-onyx-12\/","title":{"rendered":"Flightcase Mackie Onyx 12"},"content":{"rendered":"<p>Housse de capot assortie pour une table de mixage Mackie Onyx12<br \/>\nEnduit de r\u00e9sine ph\u00e9nolique multiplex de 6,8 mm<br \/>\nCouleur marron<br \/>\nBord en aluminium 25&#215;25 mm<br \/>\n2 papillons \u00e0 ressort moyen<br \/>\n1 poign\u00e9e en cuir synth\u00e9tique<br \/>\nCoin 4 boules moyen<br \/>\n4 coins sph\u00e9riques milieu en L<br \/>\n4 pieds en caoutchouc 38&#215;25 mm<br \/>\nMousse<br \/>\nPasse-c\u00e2bles derri\u00e8re l&rsquo;appareil<br \/>\nLe m\u00e9langeur peut \u00eatre actionn\u00e9 dans la partie inf\u00e9rieure<br \/>\nFabriqu\u00e9 en Allemagne<br \/>\nPoids environ 5,8 kg<br \/>\nDimensions ext\u00e9rieures environ 435x527x218mm LxPxH<\/p>\n","protected":false},"excerpt":{"rendered":"<p>Housse de capot assortie pour une table de mixage Mackie Onyx12 Enduit de r\u00e9sine ph\u00e9nolique multiplex de 6,8 mm Couleur<\/p>\n","protected":false},"featured_media":243286,"template":"","meta":{"_acf_changed":false},"product_brand":[],"product_cat":[13828],"product_tag":[],"class_list":{"0":"post-243289","1":"product","2":"type-product","3":"status-publish","4":"has-post-thumbnail","6":"product_cat-mischpult-cases-fr","8":"first","9":"instock","10":"taxable","11":"shipping-taxable","12":"purchasable","13":"product-type-simple"},"acf":[],"_links":{"self":[{"href":"https:\/\/megacase.com\/fr\/wp-json\/wp\/v2\/product\/243289","targetHints":{"allow":["GET"]}}],"collection":[{"href":"https:\/\/megacase.com\/fr\/wp-json\/wp\/v2\/product"}],"about":[{"href":"https:\/\/megacase.com\/fr\/wp-json\/wp\/v2\/types\/product"}],"wp:featuredmedia":[{"embeddable":true,"href":"https:\/\/megacase.com\/fr\/wp-json\/wp\/v2\/media\/243286"}],"wp:attachment":[{"href":"https:\/\/megacase.com\/fr\/wp-json\/wp\/v2\/media?parent=243289"}],"wp:term":[{"taxonomy":"product_brand","embeddable":true,"href":"https:\/\/megacase.com\/fr\/wp-json\/wp\/v2\/product_brand?post=243289"},{"taxonomy":"product_cat","embeddable":true,"href":"https:\/\/megacase.com\/fr\/wp-json\/wp\/v2\/product_cat?post=243289"},{"taxonomy":"product_tag","embeddable":true,"href":"https:\/\/megacase.com\/fr\/wp-json\/wp\/v2\/product_tag?post=243289"}],"curies":[{"name":"wp","href":"https:\/\/api.w.org\/{rel}","templated":true}]}}