{"id":243221,"date":"2022-09-06T14:02:43","date_gmt":"2022-09-06T12:02:43","guid":{"rendered":"https:\/\/megacase.com\/product\/case-denon-x1800-2x-sc6000\/"},"modified":"2026-03-26T13:31:51","modified_gmt":"2026-03-26T12:31:51","slug":"case-denon-x1800-2x-sc6000","status":"publish","type":"product","link":"https:\/\/megacase.com\/fr\/produit\/case-denon-x1800-2x-sc6000\/","title":{"rendered":"Case Denon X1800 + 2x SC6000"},"content":{"rendered":"<p>Convient \u00e0 1x Denon X1800 \/ X1850 et 2x Denon SC6000 Prime \/ SC6000m Prime<br \/>\n\u00e0 partir de 6,8 mm de r\u00e9sine ph\u00e9nolique multiplex enrocie<br \/>\ncouleur marron<br \/>\n25 x 25 mm d&rsquo;aluminium<br \/>\n4 fermetures de papillon de taille moyenne<br \/>\n3 poign\u00e9es de rousseurs de taille moyenne<br \/>\n8 coins de la boule d&rsquo;acier moyen<br \/>\n4 pieds en caoutchouc 38&#215;20 mm<br \/>\nInt\u00e9rieur 3 compartiments<br \/>\nRembourrage en mousse<br \/>\nCanal de c\u00e2ble derri\u00e8re les appareils<br \/>\nDimensions externes (L x P x H): 1120 x 600 x 230 mm<br \/>\nPoids: 17 kg<br \/>\nFabriqu\u00e9 en Allemagne<\/p>\n","protected":false},"excerpt":{"rendered":"<p>Convient \u00e0 1x Denon X1800 \/ X1850 et 2x Denon SC6000 Prime \/ SC6000m Prime \u00e0 partir de 6,8 mm<\/p>\n","protected":false},"featured_media":243194,"template":"","meta":{"_acf_changed":false},"product_brand":[],"product_cat":[13730],"product_tag":[],"class_list":{"0":"post-243221","1":"product","2":"type-product","3":"status-publish","4":"has-post-thumbnail","6":"product_cat-dj-cases-fr","8":"first","9":"instock","10":"taxable","11":"shipping-taxable","12":"purchasable","13":"product-type-simple"},"acf":[],"_links":{"self":[{"href":"https:\/\/megacase.com\/fr\/wp-json\/wp\/v2\/product\/243221","targetHints":{"allow":["GET"]}}],"collection":[{"href":"https:\/\/megacase.com\/fr\/wp-json\/wp\/v2\/product"}],"about":[{"href":"https:\/\/megacase.com\/fr\/wp-json\/wp\/v2\/types\/product"}],"wp:featuredmedia":[{"embeddable":true,"href":"https:\/\/megacase.com\/fr\/wp-json\/wp\/v2\/media\/243194"}],"wp:attachment":[{"href":"https:\/\/megacase.com\/fr\/wp-json\/wp\/v2\/media?parent=243221"}],"wp:term":[{"taxonomy":"product_brand","embeddable":true,"href":"https:\/\/megacase.com\/fr\/wp-json\/wp\/v2\/product_brand?post=243221"},{"taxonomy":"product_cat","embeddable":true,"href":"https:\/\/megacase.com\/fr\/wp-json\/wp\/v2\/product_cat?post=243221"},{"taxonomy":"product_tag","embeddable":true,"href":"https:\/\/megacase.com\/fr\/wp-json\/wp\/v2\/product_tag?post=243221"}],"curies":[{"name":"wp","href":"https:\/\/api.w.org\/{rel}","templated":true}]}}