{"id":243145,"date":"2022-09-06T13:55:24","date_gmt":"2022-09-06T11:55:24","guid":{"rendered":"https:\/\/megacase.com\/product\/flightcase-denon-dj-lc6000-prime\/"},"modified":"2026-03-26T13:31:52","modified_gmt":"2026-03-26T12:31:52","slug":"flightcase-denon-dj-lc6000-prime","status":"publish","type":"product","link":"https:\/\/megacase.com\/fr\/produit\/flightcase-denon-dj-lc6000-prime\/","title":{"rendered":"Flightcase Denon DJ LC6000 Prime"},"content":{"rendered":"<p>\u00c9tui assorti pour Denon DJ LC6000 Prime<br \/>\nen bois multiplex de 6,8 mm<br \/>\nEnduit de r\u00e9sine ph\u00e9nolique marron<br \/>\nBord en aluminium 25 x 25 mm<br \/>\nrembourrage en mousse<br \/>\n2 fermoirs papillon \u00e0 ressort moyen<br \/>\n1 poign\u00e9e de valise<br \/>\nEspace pour les c\u00e2bles derri\u00e8re l&rsquo;appareil<br \/>\nCoins sph\u00e9riques en acier moyen<br \/>\nLe contr\u00f4leur peut \u00eatre utilis\u00e9 dans le bo\u00eetier<br \/>\nPieds caoutchouc 25x15mm<br \/>\nFabriqu\u00e9 en Allemagne<br \/>\nDimensions ext\u00e9rieures LxPxH : environ 385 x 494 x 222 mm<br \/>\nPoids : environ 5,6 kg<\/p>\n","protected":false},"excerpt":{"rendered":"<p>\u00c9tui assorti pour Denon DJ LC6000 Prime en bois multiplex de 6,8 mm Enduit de r\u00e9sine ph\u00e9nolique marron Bord en<\/p>\n","protected":false},"featured_media":243142,"template":"","meta":{"_acf_changed":false},"product_brand":[],"product_cat":[13730],"product_tag":[],"class_list":{"0":"post-243145","1":"product","2":"type-product","3":"status-publish","4":"has-post-thumbnail","6":"product_cat-dj-cases-fr","8":"first","9":"instock","10":"taxable","11":"shipping-taxable","12":"purchasable","13":"product-type-simple"},"acf":[],"_links":{"self":[{"href":"https:\/\/megacase.com\/fr\/wp-json\/wp\/v2\/product\/243145","targetHints":{"allow":["GET"]}}],"collection":[{"href":"https:\/\/megacase.com\/fr\/wp-json\/wp\/v2\/product"}],"about":[{"href":"https:\/\/megacase.com\/fr\/wp-json\/wp\/v2\/types\/product"}],"wp:featuredmedia":[{"embeddable":true,"href":"https:\/\/megacase.com\/fr\/wp-json\/wp\/v2\/media\/243142"}],"wp:attachment":[{"href":"https:\/\/megacase.com\/fr\/wp-json\/wp\/v2\/media?parent=243145"}],"wp:term":[{"taxonomy":"product_brand","embeddable":true,"href":"https:\/\/megacase.com\/fr\/wp-json\/wp\/v2\/product_brand?post=243145"},{"taxonomy":"product_cat","embeddable":true,"href":"https:\/\/megacase.com\/fr\/wp-json\/wp\/v2\/product_cat?post=243145"},{"taxonomy":"product_tag","embeddable":true,"href":"https:\/\/megacase.com\/fr\/wp-json\/wp\/v2\/product_tag?post=243145"}],"curies":[{"name":"wp","href":"https:\/\/api.w.org\/{rel}","templated":true}]}}