{"id":242860,"date":"2022-09-05T17:05:27","date_gmt":"2022-09-05T15:05:27","guid":{"rendered":"https:\/\/megacase.com\/product\/flightcase-korg-mw-1608\/"},"modified":"2026-03-26T13:31:52","modified_gmt":"2026-03-26T12:31:52","slug":"flightcase-korg-mw-1608","status":"publish","type":"product","link":"https:\/\/megacase.com\/fr\/produit\/flightcase-korg-mw-1608\/","title":{"rendered":"Flightcase Korg MW-1608"},"content":{"rendered":"<p>Housse de capot assortie pour un Korg MW-1608<br \/>\nen contreplaqu\u00e9 de 6,8 mm recouvert de r\u00e9sine ph\u00e9nolique<br \/>\nCouleur marron<br \/>\nBord en aluminium 30 x 30 mm<br \/>\n8 coins sph\u00e9riques moyens<br \/>\n2 poign\u00e9es rabattables m\u00e9dium<br \/>\n4 serrures papillon moyennes<br \/>\n4 pieds en caoutchouc 38 x 20 mm<br \/>\nRembourrage en mousse<br \/>\nFabriqu\u00e9 en Allemagne<br \/>\nDimensions ext\u00e9rieures LxPxH environ 470 x 603 x 295 mm<br \/>\nPoids environ 9 kg<\/p>\n","protected":false},"excerpt":{"rendered":"<p>Housse de capot assortie pour un Korg MW-1608 en contreplaqu\u00e9 de 6,8 mm recouvert de r\u00e9sine ph\u00e9nolique Couleur marron Bord<\/p>\n","protected":false},"featured_media":242857,"template":"","meta":{"_acf_changed":false},"product_brand":[],"product_cat":[13828],"product_tag":[],"class_list":{"0":"post-242860","1":"product","2":"type-product","3":"status-publish","4":"has-post-thumbnail","6":"product_cat-mischpult-cases-fr","8":"first","9":"instock","10":"taxable","11":"shipping-taxable","12":"purchasable","13":"product-type-simple"},"acf":[],"_links":{"self":[{"href":"https:\/\/megacase.com\/fr\/wp-json\/wp\/v2\/product\/242860","targetHints":{"allow":["GET"]}}],"collection":[{"href":"https:\/\/megacase.com\/fr\/wp-json\/wp\/v2\/product"}],"about":[{"href":"https:\/\/megacase.com\/fr\/wp-json\/wp\/v2\/types\/product"}],"wp:featuredmedia":[{"embeddable":true,"href":"https:\/\/megacase.com\/fr\/wp-json\/wp\/v2\/media\/242857"}],"wp:attachment":[{"href":"https:\/\/megacase.com\/fr\/wp-json\/wp\/v2\/media?parent=242860"}],"wp:term":[{"taxonomy":"product_brand","embeddable":true,"href":"https:\/\/megacase.com\/fr\/wp-json\/wp\/v2\/product_brand?post=242860"},{"taxonomy":"product_cat","embeddable":true,"href":"https:\/\/megacase.com\/fr\/wp-json\/wp\/v2\/product_cat?post=242860"},{"taxonomy":"product_tag","embeddable":true,"href":"https:\/\/megacase.com\/fr\/wp-json\/wp\/v2\/product_tag?post=242860"}],"curies":[{"name":"wp","href":"https:\/\/api.w.org\/{rel}","templated":true}]}}