{"id":242795,"date":"2022-09-05T16:57:35","date_gmt":"2022-09-05T14:57:35","guid":{"rendered":"https:\/\/megacase.com\/product\/flightcase-denon-dj-mc-7000\/"},"modified":"2026-03-26T13:31:53","modified_gmt":"2026-03-26T12:31:53","slug":"flightcase-denon-dj-mc-7000","status":"publish","type":"product","link":"https:\/\/megacase.com\/fr\/produit\/flightcase-denon-dj-mc-7000\/","title":{"rendered":"Flightcase Denon DJ MC-7000"},"content":{"rendered":"<p>convient au contr\u00f4leur Denon DJ MC7000,<br \/>\nen r\u00e9sine ph\u00e9nolique multiplex de 6,8 mm rev\u00eatue,<br \/>\nCouleur marron,<br \/>\nChant aluminium 22 x 22 mm,<br \/>\n4 petits fermoirs papillon,<br \/>\n1 poign\u00e9e en cuir,<br \/>\n8 coins boules petits,<br \/>\n4 pieds en caoutchouc 38 x 10 mm,<br \/>\nEspace de 10 mm \u00e0 l&rsquo;arri\u00e8re pour les c\u00e2bles et connexions,<br \/>\nrembourrage en mousse assorti<br \/>\nFabriqu\u00e9 en Allemagne,<br \/>\nDimensions ext\u00e9rieures LxPxH : environ 735x541x166 mm,<br \/>\nPoids : environ 7,5 kg<\/p>\n","protected":false},"excerpt":{"rendered":"<p>convient au contr\u00f4leur Denon DJ MC7000, en r\u00e9sine ph\u00e9nolique multiplex de 6,8 mm rev\u00eatue, Couleur marron, Chant aluminium 22 x<\/p>\n","protected":false},"featured_media":242772,"template":"","meta":{"_acf_changed":false},"product_brand":[],"product_cat":[13730],"product_tag":[],"class_list":{"0":"post-242795","1":"product","2":"type-product","3":"status-publish","4":"has-post-thumbnail","6":"product_cat-dj-cases-fr","8":"first","9":"instock","10":"taxable","11":"shipping-taxable","12":"purchasable","13":"product-type-simple"},"acf":[],"_links":{"self":[{"href":"https:\/\/megacase.com\/fr\/wp-json\/wp\/v2\/product\/242795","targetHints":{"allow":["GET"]}}],"collection":[{"href":"https:\/\/megacase.com\/fr\/wp-json\/wp\/v2\/product"}],"about":[{"href":"https:\/\/megacase.com\/fr\/wp-json\/wp\/v2\/types\/product"}],"wp:featuredmedia":[{"embeddable":true,"href":"https:\/\/megacase.com\/fr\/wp-json\/wp\/v2\/media\/242772"}],"wp:attachment":[{"href":"https:\/\/megacase.com\/fr\/wp-json\/wp\/v2\/media?parent=242795"}],"wp:term":[{"taxonomy":"product_brand","embeddable":true,"href":"https:\/\/megacase.com\/fr\/wp-json\/wp\/v2\/product_brand?post=242795"},{"taxonomy":"product_cat","embeddable":true,"href":"https:\/\/megacase.com\/fr\/wp-json\/wp\/v2\/product_cat?post=242795"},{"taxonomy":"product_tag","embeddable":true,"href":"https:\/\/megacase.com\/fr\/wp-json\/wp\/v2\/product_tag?post=242795"}],"curies":[{"name":"wp","href":"https:\/\/api.w.org\/{rel}","templated":true}]}}