{"id":242707,"date":"2022-09-05T16:50:17","date_gmt":"2022-09-05T14:50:17","guid":{"rendered":"https:\/\/megacase.com\/product\/case-numark-mixstream-pro\/"},"modified":"2026-03-26T13:31:53","modified_gmt":"2026-03-26T12:31:53","slug":"case-numark-mixstream-pro","status":"publish","type":"product","link":"https:\/\/megacase.com\/fr\/produit\/case-numark-mixstream-pro\/","title":{"rendered":"Case Numark Mixstream Pro"},"content":{"rendered":"<p>flight case adapt\u00e9 pour un Numark Mixstream Pro,<br \/>\nEnduit de r\u00e9sine ph\u00e9nolique multiplex de bouleau de 6,8 mm,<br \/>\nCouleur marron,<br \/>\nBord en aluminium 22 x 22 mm,<br \/>\n4 serrures papillon petites,<br \/>\n1 poign\u00e9e en cuir,<br \/>\n4 pieds en caoutchouc 38 x 11 mm,<br \/>\n8 coins sph\u00e9riques petits,<br \/>\nEspace de 100 mm \u00e0 l&rsquo;arri\u00e8re pour les c\u00e2bles et les connexions,<br \/>\nRembourrage en mousse<br \/>\nFabriqu\u00e9 en Allemagne,<br \/>\nDimensions ext\u00e9rieures LxPxH : environ 695 x 445 x 172 mm,<br \/>\nPoids : environ 6,5 kg<\/p>\n","protected":false},"excerpt":{"rendered":"<p>flight case adapt\u00e9 pour un Numark Mixstream Pro, Enduit de r\u00e9sine ph\u00e9nolique multiplex de bouleau de 6,8 mm, Couleur marron,<\/p>\n","protected":false},"featured_media":242696,"template":"","meta":{"_acf_changed":false},"product_brand":[],"product_cat":[13730],"product_tag":[],"class_list":{"0":"post-242707","1":"product","2":"type-product","3":"status-publish","4":"has-post-thumbnail","6":"product_cat-dj-cases-fr","8":"first","9":"instock","10":"taxable","11":"shipping-taxable","12":"purchasable","13":"product-type-simple"},"acf":[],"_links":{"self":[{"href":"https:\/\/megacase.com\/fr\/wp-json\/wp\/v2\/product\/242707","targetHints":{"allow":["GET"]}}],"collection":[{"href":"https:\/\/megacase.com\/fr\/wp-json\/wp\/v2\/product"}],"about":[{"href":"https:\/\/megacase.com\/fr\/wp-json\/wp\/v2\/types\/product"}],"wp:featuredmedia":[{"embeddable":true,"href":"https:\/\/megacase.com\/fr\/wp-json\/wp\/v2\/media\/242696"}],"wp:attachment":[{"href":"https:\/\/megacase.com\/fr\/wp-json\/wp\/v2\/media?parent=242707"}],"wp:term":[{"taxonomy":"product_brand","embeddable":true,"href":"https:\/\/megacase.com\/fr\/wp-json\/wp\/v2\/product_brand?post=242707"},{"taxonomy":"product_cat","embeddable":true,"href":"https:\/\/megacase.com\/fr\/wp-json\/wp\/v2\/product_cat?post=242707"},{"taxonomy":"product_tag","embeddable":true,"href":"https:\/\/megacase.com\/fr\/wp-json\/wp\/v2\/product_tag?post=242707"}],"curies":[{"name":"wp","href":"https:\/\/api.w.org\/{rel}","templated":true}]}}