{"id":242617,"date":"2022-09-05T15:31:09","date_gmt":"2022-09-05T13:31:09","guid":{"rendered":"https:\/\/megacase.com\/product\/flightcase-6x-varytec-hero-wheel\/"},"modified":"2026-03-26T13:31:53","modified_gmt":"2026-03-26T12:31:53","slug":"flightcase-6x-varytec-hero-wheel","status":"publish","type":"product","link":"https:\/\/megacase.com\/fr\/produit\/flightcase-6x-varytec-hero-wheel\/","title":{"rendered":"Flightcase 6x Varytec Hero + wheel"},"content":{"rendered":"<p>\u00c9tui de poitrine appropri\u00e9 pour 6 Varytec Hero Wash 300 FC \/ TW,<br \/>\nVarytec Hero Spot 230 et Varytec Hero Beam 100<br \/>\nen r\u00e9sine ph\u00e9nolique multiplex de 6,8 mm rev\u00eatue<br \/>\nCouleur marron<br \/>\nBord en aluminium 30x30mm<br \/>\n2 serrures papillon, moyennes<br \/>\n8 poign\u00e9es rabattables m\u00e9dium<br \/>\n4 charni\u00e8res verrouillables<br \/>\n4 \u00e9videments de roues dans le couvercle<br \/>\n1 plateau d&rsquo;\u00e9tiquettes de tourn\u00e9e<br \/>\n4x coin sph\u00e9rique moyen avec coin en L 62mm<br \/>\n4x coin boule moyen<br \/>\n4x moyen de coin en L<br \/>\nRembourrage en mousse<br \/>\n4 roulettes pivotantes de 100 mm dont 2 \u00e0 frein<br \/>\n\u00e0 droite un compartiment accessoires de 17cm de large<br \/>\nFabriqu\u00e9 en Allemagne<br \/>\nDimensions ext\u00e9rieures LxPxH environ : 1304 x 525 x 700 mm<br \/>\nPoids approx.: 40,5 kg<\/p>\n","protected":false},"excerpt":{"rendered":"<p>\u00c9tui de poitrine appropri\u00e9 pour 6 Varytec Hero Wash 300 FC \/ TW, Varytec Hero Spot 230 et Varytec Hero<\/p>\n","protected":false},"featured_media":242594,"template":"","meta":{"_acf_changed":false},"product_brand":[],"product_cat":[15423],"product_tag":[],"class_list":{"0":"post-242617","1":"product","2":"type-product","3":"status-publish","4":"has-post-thumbnail","6":"product_cat-light-equipment-case-utilisation","8":"first","9":"instock","10":"taxable","11":"shipping-taxable","12":"purchasable","13":"product-type-simple"},"acf":[],"_links":{"self":[{"href":"https:\/\/megacase.com\/fr\/wp-json\/wp\/v2\/product\/242617","targetHints":{"allow":["GET"]}}],"collection":[{"href":"https:\/\/megacase.com\/fr\/wp-json\/wp\/v2\/product"}],"about":[{"href":"https:\/\/megacase.com\/fr\/wp-json\/wp\/v2\/types\/product"}],"wp:featuredmedia":[{"embeddable":true,"href":"https:\/\/megacase.com\/fr\/wp-json\/wp\/v2\/media\/242594"}],"wp:attachment":[{"href":"https:\/\/megacase.com\/fr\/wp-json\/wp\/v2\/media?parent=242617"}],"wp:term":[{"taxonomy":"product_brand","embeddable":true,"href":"https:\/\/megacase.com\/fr\/wp-json\/wp\/v2\/product_brand?post=242617"},{"taxonomy":"product_cat","embeddable":true,"href":"https:\/\/megacase.com\/fr\/wp-json\/wp\/v2\/product_cat?post=242617"},{"taxonomy":"product_tag","embeddable":true,"href":"https:\/\/megacase.com\/fr\/wp-json\/wp\/v2\/product_tag?post=242617"}],"curies":[{"name":"wp","href":"https:\/\/api.w.org\/{rel}","templated":true}]}}