{"id":242481,"date":"2022-09-05T15:18:48","date_gmt":"2022-09-05T13:18:48","guid":{"rendered":"https:\/\/megacase.com\/product\/case-fender-tone-master-deluxe-reverb\/"},"modified":"2026-03-26T13:31:54","modified_gmt":"2026-03-26T12:31:54","slug":"case-fender-tone-master-deluxe-reverb","status":"publish","type":"product","link":"https:\/\/megacase.com\/fr\/produit\/case-fender-tone-master-deluxe-reverb\/","title":{"rendered":"Case Fender Tone Master Deluxe Reverb"},"content":{"rendered":"<p>Convient pour un Fender Tone Master Deluxe Reverb Combo<br \/>\nen r\u00e9sine ph\u00e9nolique multiplex de 6,8 mm rev\u00eatue<br \/>\nCouleur marron<br \/>\nBord en aluminium 30 x 30 mm<br \/>\n2 fermoirs papillon grands<br \/>\n2 poign\u00e9es pliantes moyennes<br \/>\n8 coins boule moyen<br \/>\nRembourrage en mousse de 10 mm<br \/>\nFabriqu\u00e9 en Allemagne<br \/>\nLe garde-boue peut \u00eatre actionn\u00e9 dans la partie inf\u00e9rieure<br \/>\nFabriqu\u00e9 en Allemagne<br \/>\nDimensions int\u00e9rieures LxPxH environ : 615 x 235 x 435 mm<br \/>\nDimensions ext\u00e9rieures LxPxH env. : 677 x 300 x 510 mm<br \/>\nPoids approximatif : 10,5 kg<\/p>\n","protected":false},"excerpt":{"rendered":"<p>Convient pour un Fender Tone Master Deluxe Reverb Combo en r\u00e9sine ph\u00e9nolique multiplex de 6,8 mm rev\u00eatue Couleur marron Bord<\/p>\n","protected":false},"featured_media":242478,"template":"","meta":{"_acf_changed":false},"product_brand":[],"product_cat":[13589],"product_tag":[],"class_list":{"0":"post-242481","1":"product","2":"type-product","3":"status-publish","4":"has-post-thumbnail","6":"product_cat-amp-cases-fr","8":"first","9":"instock","10":"taxable","11":"shipping-taxable","12":"purchasable","13":"product-type-simple"},"acf":[],"_links":{"self":[{"href":"https:\/\/megacase.com\/fr\/wp-json\/wp\/v2\/product\/242481","targetHints":{"allow":["GET"]}}],"collection":[{"href":"https:\/\/megacase.com\/fr\/wp-json\/wp\/v2\/product"}],"about":[{"href":"https:\/\/megacase.com\/fr\/wp-json\/wp\/v2\/types\/product"}],"wp:featuredmedia":[{"embeddable":true,"href":"https:\/\/megacase.com\/fr\/wp-json\/wp\/v2\/media\/242478"}],"wp:attachment":[{"href":"https:\/\/megacase.com\/fr\/wp-json\/wp\/v2\/media?parent=242481"}],"wp:term":[{"taxonomy":"product_brand","embeddable":true,"href":"https:\/\/megacase.com\/fr\/wp-json\/wp\/v2\/product_brand?post=242481"},{"taxonomy":"product_cat","embeddable":true,"href":"https:\/\/megacase.com\/fr\/wp-json\/wp\/v2\/product_cat?post=242481"},{"taxonomy":"product_tag","embeddable":true,"href":"https:\/\/megacase.com\/fr\/wp-json\/wp\/v2\/product_tag?post=242481"}],"curies":[{"name":"wp","href":"https:\/\/api.w.org\/{rel}","templated":true}]}}