{"id":242429,"date":"2022-09-05T15:09:58","date_gmt":"2022-09-05T13:09:58","guid":{"rendered":"https:\/\/megacase.com\/product\/pedalcase-neural-dsp-quad-cortexep1\/"},"modified":"2026-03-26T13:31:54","modified_gmt":"2026-03-26T12:31:54","slug":"pedalcase-neural-dsp-quad-cortexep1","status":"publish","type":"product","link":"https:\/\/megacase.com\/fr\/produit\/pedalcase-neural-dsp-quad-cortexep1\/","title":{"rendered":"Pedalcase Neural DSP Quad Cortex+EP1"},"content":{"rendered":"<p>Fait sur mesure pour Neural DSP Quad Cortex, y compris une p\u00e9dale d&rsquo;expression Mission Engineering EP1 assortie<br \/>\nFabriqu\u00e9 en r\u00e9sine ph\u00e9nolique multiplex de 6,8 mm rev\u00eatue<br \/>\nCouleur marron<br \/>\nBord en aluminium 22 x 22 mm<br \/>\n2 cadenas papillon, petit<br \/>\n1 poign\u00e9e de valise<br \/>\n4 pieds en caoutchouc 38 x 10 mm<br \/>\nLes appareils peuvent \u00eatre utilis\u00e9s dans la partie inf\u00e9rieure<br \/>\nrembourrage en mousse d&rsquo;au moins 10 mm<br \/>\nGoulotte de c\u00e2bles derri\u00e8re l&rsquo;appareil<br \/>\nFabriqu\u00e9 en Allemagne<br \/>\nDimensions ext\u00e9rieures LxPxH environ 584 x 350 x 135 mm<br \/>\nPoids environ 4,6 kg<\/p>\n","protected":false},"excerpt":{"rendered":"<p>Fait sur mesure pour Neural DSP Quad Cortex, y compris une p\u00e9dale d&rsquo;expression Mission Engineering EP1 assortie Fabriqu\u00e9 en r\u00e9sine<\/p>\n","protected":false},"featured_media":242426,"template":"","meta":{"_acf_changed":false},"product_brand":[],"product_cat":[15829],"product_tag":[],"class_list":{"0":"post-242429","1":"product","2":"type-product","3":"status-publish","4":"has-post-thumbnail","6":"product_cat-pedalcase-guitar-bass-cases-utilisation","8":"first","9":"instock","10":"taxable","11":"shipping-taxable","12":"purchasable","13":"product-type-simple"},"acf":[],"_links":{"self":[{"href":"https:\/\/megacase.com\/fr\/wp-json\/wp\/v2\/product\/242429","targetHints":{"allow":["GET"]}}],"collection":[{"href":"https:\/\/megacase.com\/fr\/wp-json\/wp\/v2\/product"}],"about":[{"href":"https:\/\/megacase.com\/fr\/wp-json\/wp\/v2\/types\/product"}],"wp:featuredmedia":[{"embeddable":true,"href":"https:\/\/megacase.com\/fr\/wp-json\/wp\/v2\/media\/242426"}],"wp:attachment":[{"href":"https:\/\/megacase.com\/fr\/wp-json\/wp\/v2\/media?parent=242429"}],"wp:term":[{"taxonomy":"product_brand","embeddable":true,"href":"https:\/\/megacase.com\/fr\/wp-json\/wp\/v2\/product_brand?post=242429"},{"taxonomy":"product_cat","embeddable":true,"href":"https:\/\/megacase.com\/fr\/wp-json\/wp\/v2\/product_cat?post=242429"},{"taxonomy":"product_tag","embeddable":true,"href":"https:\/\/megacase.com\/fr\/wp-json\/wp\/v2\/product_tag?post=242429"}],"curies":[{"name":"wp","href":"https:\/\/api.w.org\/{rel}","templated":true}]}}