{"id":242375,"date":"2022-09-05T14:57:24","date_gmt":"2022-09-05T12:57:24","guid":{"rendered":"https:\/\/megacase.com\/product\/studio-rack-14u-media-beech\/"},"modified":"2026-03-26T13:31:55","modified_gmt":"2026-03-26T12:31:55","slug":"studio-rack-14u-media-beech","status":"publish","type":"product","link":"https:\/\/megacase.com\/fr\/produit\/studio-rack-14u-media-beech\/","title":{"rendered":"Studio Rack 14U Media beech"},"content":{"rendered":"<p>14 U hauteur utile<br \/>\nProfondeur d&rsquo;installation en dessous : 53 cm<br \/>\nProfondeur d&rsquo;installation au-dessus : 44 cm<br \/>\nMat\u00e9riau : panneau d\u00e9coratif de meuble de 18 mm<br \/>\nrail \u00e0 cr\u00e9maill\u00e8re en continu<br \/>\nBord avant arrondi du rack<br \/>\nDimensions (L x P x H) : 54 x 55 x 71,5 cm<br \/>\nPoids : 17,8 kg<br \/>\nCouleur : d\u00e9cor ch\u00eane<br \/>\navec jeu de vis<br \/>\nFabriqu\u00e9 en Allemagne<\/p>\n","protected":false},"excerpt":{"rendered":"<p>14 U hauteur utile Profondeur d&rsquo;installation en dessous : 53 cm Profondeur d&rsquo;installation au-dessus : 44 cm Mat\u00e9riau : panneau<\/p>\n","protected":false},"featured_media":242364,"template":"","meta":{"_acf_changed":false},"product_brand":[],"product_cat":[15446],"product_tag":[],"class_list":{"0":"post-242375","1":"product","2":"type-product","3":"status-publish","4":"has-post-thumbnail","6":"product_cat-studio-equipment-utilisation","8":"first","9":"instock","10":"taxable","11":"shipping-taxable","12":"purchasable","13":"product-type-simple"},"acf":[],"_links":{"self":[{"href":"https:\/\/megacase.com\/fr\/wp-json\/wp\/v2\/product\/242375","targetHints":{"allow":["GET"]}}],"collection":[{"href":"https:\/\/megacase.com\/fr\/wp-json\/wp\/v2\/product"}],"about":[{"href":"https:\/\/megacase.com\/fr\/wp-json\/wp\/v2\/types\/product"}],"wp:featuredmedia":[{"embeddable":true,"href":"https:\/\/megacase.com\/fr\/wp-json\/wp\/v2\/media\/242364"}],"wp:attachment":[{"href":"https:\/\/megacase.com\/fr\/wp-json\/wp\/v2\/media?parent=242375"}],"wp:term":[{"taxonomy":"product_brand","embeddable":true,"href":"https:\/\/megacase.com\/fr\/wp-json\/wp\/v2\/product_brand?post=242375"},{"taxonomy":"product_cat","embeddable":true,"href":"https:\/\/megacase.com\/fr\/wp-json\/wp\/v2\/product_cat?post=242375"},{"taxonomy":"product_tag","embeddable":true,"href":"https:\/\/megacase.com\/fr\/wp-json\/wp\/v2\/product_tag?post=242375"}],"curies":[{"name":"wp","href":"https:\/\/api.w.org\/{rel}","templated":true}]}}