{"id":242343,"date":"2022-09-05T14:48:23","date_gmt":"2022-09-05T12:48:23","guid":{"rendered":"https:\/\/megacase.com\/product\/studio-rack-20u-beech-media\/"},"modified":"2026-03-26T13:31:55","modified_gmt":"2026-03-26T12:31:55","slug":"studio-rack-20u-beech-media","status":"publish","type":"product","link":"https:\/\/megacase.com\/fr\/produit\/studio-rack-20u-beech-media\/","title":{"rendered":"Studio Rack 20U beech Media"},"content":{"rendered":"<p>Mat\u00e9riau : panneau d\u00e9coratif de meuble de 19 mm rev\u00eatu<br \/>\nHauteur utile : 20U<br \/>\nProfondeur d&rsquo;encastrement : 54 cm<br \/>\nRail de rack arri\u00e8re : 12U<br \/>\navec base de meuble<br \/>\nsous la base 4 roulettes de 80 mm<br \/>\nvolets roulants verrouillables en design aluminium mat \u00e0 l&rsquo;avant<br \/>\ngrande porte de service arri\u00e8re verrouillable<br \/>\nSortie de c\u00e2ble gauche et droite<br \/>\nDimensions ext\u00e9rieures (L x P x H) : 540 x 630 x 1150 mm<br \/>\nPoids : 40,4 kg<br \/>\nCouleur : h\u00eatre<br \/>\navec jeu de vis<br \/>\nFabriqu\u00e9 en Allemagne<\/p>\n","protected":false},"excerpt":{"rendered":"<p>Mat\u00e9riau : panneau d\u00e9coratif de meuble de 19 mm rev\u00eatu Hauteur utile : 20U Profondeur d&rsquo;encastrement : 54 cm Rail<\/p>\n","protected":false},"featured_media":242336,"template":"","meta":{"_acf_changed":false},"product_brand":[],"product_cat":[15446],"product_tag":[],"class_list":{"0":"post-242343","1":"product","2":"type-product","3":"status-publish","4":"has-post-thumbnail","6":"product_cat-studio-equipment-utilisation","8":"first","9":"instock","10":"taxable","11":"shipping-taxable","12":"purchasable","13":"product-type-simple"},"acf":[],"_links":{"self":[{"href":"https:\/\/megacase.com\/fr\/wp-json\/wp\/v2\/product\/242343","targetHints":{"allow":["GET"]}}],"collection":[{"href":"https:\/\/megacase.com\/fr\/wp-json\/wp\/v2\/product"}],"about":[{"href":"https:\/\/megacase.com\/fr\/wp-json\/wp\/v2\/types\/product"}],"wp:featuredmedia":[{"embeddable":true,"href":"https:\/\/megacase.com\/fr\/wp-json\/wp\/v2\/media\/242336"}],"wp:attachment":[{"href":"https:\/\/megacase.com\/fr\/wp-json\/wp\/v2\/media?parent=242343"}],"wp:term":[{"taxonomy":"product_brand","embeddable":true,"href":"https:\/\/megacase.com\/fr\/wp-json\/wp\/v2\/product_brand?post=242343"},{"taxonomy":"product_cat","embeddable":true,"href":"https:\/\/megacase.com\/fr\/wp-json\/wp\/v2\/product_cat?post=242343"},{"taxonomy":"product_tag","embeddable":true,"href":"https:\/\/megacase.com\/fr\/wp-json\/wp\/v2\/product_tag?post=242343"}],"curies":[{"name":"wp","href":"https:\/\/api.w.org\/{rel}","templated":true}]}}