{"id":242253,"date":"2022-09-05T14:35:26","date_gmt":"2022-09-05T12:35:26","guid":{"rendered":"https:\/\/megacase.com\/product\/studio-l-rack-17u-media-beech\/"},"modified":"2026-03-26T13:31:55","modified_gmt":"2026-03-26T12:31:55","slug":"studio-l-rack-17u-media-beech","status":"publish","type":"product","link":"https:\/\/megacase.com\/fr\/produit\/studio-l-rack-17u-media-beech\/","title":{"rendered":"Studio L-Rack 17U Media beech"},"content":{"rendered":"<p>17 U de hauteur utile \u00e0 l&rsquo;avant<br \/>\n11 UH hauteur utile \u00e0 l&rsquo;arri\u00e8re<br \/>\n11 U de profondeur utile au-dessus<br \/>\nprofondeur d&rsquo;encastrement 54 cm<br \/>\nMat\u00e9riau : panneau de meuble rev\u00eatu de m\u00e9lamine de 19 mm<br \/>\navec base de meuble<br \/>\n4 roulettes de 80 mm sous la base<br \/>\nvolets roulants verrouillables en design aluminium \u00e0 l&rsquo;avant<br \/>\ngrande trappe de service verrouillable \u00e0 l&rsquo;arri\u00e8re<br \/>\nEntr\u00e9e de c\u00e2ble de 80 mm des deux c\u00f4t\u00e9s<br \/>\nDimensions (L x P x H) : 54 x 66 x 112 cm<br \/>\nPoids approximatif : 49,1 kg<br \/>\nCouleur : d\u00e9cor h\u00eatre<br \/>\navec jeu de vis,<br \/>\nFabriqu\u00e9 en Allemagne<\/p>\n","protected":false},"excerpt":{"rendered":"<p>17 U de hauteur utile \u00e0 l&rsquo;avant 11 UH hauteur utile \u00e0 l&rsquo;arri\u00e8re 11 U de profondeur utile au-dessus profondeur<\/p>\n","protected":false},"featured_media":242242,"template":"","meta":{"_acf_changed":false},"product_brand":[],"product_cat":[15446],"product_tag":[],"class_list":{"0":"post-242253","1":"product","2":"type-product","3":"status-publish","4":"has-post-thumbnail","6":"product_cat-studio-equipment-utilisation","8":"first","9":"instock","10":"taxable","11":"shipping-taxable","12":"purchasable","13":"product-type-simple"},"acf":[],"_links":{"self":[{"href":"https:\/\/megacase.com\/fr\/wp-json\/wp\/v2\/product\/242253","targetHints":{"allow":["GET"]}}],"collection":[{"href":"https:\/\/megacase.com\/fr\/wp-json\/wp\/v2\/product"}],"about":[{"href":"https:\/\/megacase.com\/fr\/wp-json\/wp\/v2\/types\/product"}],"wp:featuredmedia":[{"embeddable":true,"href":"https:\/\/megacase.com\/fr\/wp-json\/wp\/v2\/media\/242242"}],"wp:attachment":[{"href":"https:\/\/megacase.com\/fr\/wp-json\/wp\/v2\/media?parent=242253"}],"wp:term":[{"taxonomy":"product_brand","embeddable":true,"href":"https:\/\/megacase.com\/fr\/wp-json\/wp\/v2\/product_brand?post=242253"},{"taxonomy":"product_cat","embeddable":true,"href":"https:\/\/megacase.com\/fr\/wp-json\/wp\/v2\/product_cat?post=242253"},{"taxonomy":"product_tag","embeddable":true,"href":"https:\/\/megacase.com\/fr\/wp-json\/wp\/v2\/product_tag?post=242253"}],"curies":[{"name":"wp","href":"https:\/\/api.w.org\/{rel}","templated":true}]}}