{"id":242208,"date":"2022-09-05T14:26:16","date_gmt":"2022-09-05T12:26:16","guid":{"rendered":"https:\/\/megacase.com\/product\/case-2x-varytec-led-studio-150\/"},"modified":"2026-03-26T13:31:56","modified_gmt":"2026-03-26T12:31:56","slug":"case-2x-varytec-led-studio-150","status":"publish","type":"product","link":"https:\/\/megacase.com\/fr\/produit\/case-2x-varytec-led-studio-150\/","title":{"rendered":"Case 2x Varytec LED Studio 150"},"content":{"rendered":"<p>Bo\u00eetier de poitrine adapt\u00e9 pour Varytec LED Studio 150 2900K \/6000K<br \/>\navec rembourrage en mousse et compartiment rembourr\u00e9 pour accessoires de 15 cm<br \/>\nFabriqu\u00e9 en r\u00e9sine ph\u00e9nolique multiplex de 6,8 mm rev\u00eatue<br \/>\ncouleur : ph\u00e9nol,<br \/>\nChant aluminium 30 x 30 mm,<br \/>\n2 fermoirs papillon moyen,<br \/>\n2 poign\u00e9es rabattables moyennes,<br \/>\n2 charni\u00e8res verrouillables,<br \/>\n8 boules corners moyennes,<br \/>\nsubdivision th\u00e9matique,<br \/>\nrembourrage en mousse,<br \/>\nFabriqu\u00e9 en Allemagne<br \/>\nDimensions ext\u00e9rieures LxPxH : environ 645 x 270 x 350 mm<br \/>\nPoids : environ 9 kg<\/p>\n","protected":false},"excerpt":{"rendered":"<p>Bo\u00eetier de poitrine adapt\u00e9 pour Varytec LED Studio 150 2900K \/6000K avec rembourrage en mousse et compartiment rembourr\u00e9 pour accessoires<\/p>\n","protected":false},"featured_media":242201,"template":"","meta":{"_acf_changed":false},"product_brand":[],"product_cat":[15423],"product_tag":[],"class_list":{"0":"post-242208","1":"product","2":"type-product","3":"status-publish","4":"has-post-thumbnail","6":"product_cat-light-equipment-case-utilisation","8":"first","9":"instock","10":"taxable","11":"shipping-taxable","12":"purchasable","13":"product-type-simple"},"acf":[],"_links":{"self":[{"href":"https:\/\/megacase.com\/fr\/wp-json\/wp\/v2\/product\/242208","targetHints":{"allow":["GET"]}}],"collection":[{"href":"https:\/\/megacase.com\/fr\/wp-json\/wp\/v2\/product"}],"about":[{"href":"https:\/\/megacase.com\/fr\/wp-json\/wp\/v2\/types\/product"}],"wp:featuredmedia":[{"embeddable":true,"href":"https:\/\/megacase.com\/fr\/wp-json\/wp\/v2\/media\/242201"}],"wp:attachment":[{"href":"https:\/\/megacase.com\/fr\/wp-json\/wp\/v2\/media?parent=242208"}],"wp:term":[{"taxonomy":"product_brand","embeddable":true,"href":"https:\/\/megacase.com\/fr\/wp-json\/wp\/v2\/product_brand?post=242208"},{"taxonomy":"product_cat","embeddable":true,"href":"https:\/\/megacase.com\/fr\/wp-json\/wp\/v2\/product_cat?post=242208"},{"taxonomy":"product_tag","embeddable":true,"href":"https:\/\/megacase.com\/fr\/wp-json\/wp\/v2\/product_tag?post=242208"}],"curies":[{"name":"wp","href":"https:\/\/api.w.org\/{rel}","templated":true}]}}