{"id":242115,"date":"2022-09-05T14:00:55","date_gmt":"2022-09-05T12:00:55","guid":{"rendered":"https:\/\/megacase.com\/product\/keyboardcase-crumar-mojo-classic-wheels\/"},"modified":"2026-03-26T13:31:56","modified_gmt":"2026-03-26T12:31:56","slug":"keyboardcase-crumar-mojo-classic-wheels","status":"publish","type":"product","link":"https:\/\/megacase.com\/fr\/produit\/keyboardcase-crumar-mojo-classic-wheels\/","title":{"rendered":"Keyboardcase Crumar Mojo Classic + wheels"},"content":{"rendered":"<p>Etui clavier sp\u00e9cial Crumar Mojo Classic<br \/>\n\u00c9tui \u00e0 clavier assorti pour un orgue Crumar Mojo Classic \u00e0 deux claviers<br \/>\nen plastique nid d&rsquo;abeille de 7 mm,<br \/>\nLa couleur noire,<br \/>\nChant aluminium 30 x 30 mm,<br \/>\n2 fermoirs papillon moyen,<br \/>\n1 poign\u00e9e en cuir synth\u00e9tique,<br \/>\n2 charni\u00e8res verrouillables,<br \/>\n8 boules corners moyennes,<br \/>\nRouleaux d&rsquo;angle avec glissi\u00e8res en plastique,<br \/>\npoign\u00e9e pliante attach\u00e9e sur le c\u00f4t\u00e9 oppos\u00e9<br \/>\ntransport facile avec roues<br \/>\nrembourrage en mousse,<br \/>\nFabriqu\u00e9 en Allemagne<br \/>\ndimensions ext\u00e9rieures LxPxH : env. 140x600x250mm<\/p>\n","protected":false},"excerpt":{"rendered":"<p>Etui clavier sp\u00e9cial Crumar Mojo Classic \u00c9tui \u00e0 clavier assorti pour un orgue Crumar Mojo Classic \u00e0 deux claviers en<\/p>\n","protected":false},"featured_media":242104,"template":"","meta":{"_acf_changed":false},"product_brand":[],"product_cat":[13787],"product_tag":[],"class_list":{"0":"post-242115","1":"product","2":"type-product","3":"status-publish","4":"has-post-thumbnail","6":"product_cat-keyboard-cases-fr","8":"first","9":"instock","10":"taxable","11":"shipping-taxable","12":"purchasable","13":"product-type-simple"},"acf":[],"_links":{"self":[{"href":"https:\/\/megacase.com\/fr\/wp-json\/wp\/v2\/product\/242115","targetHints":{"allow":["GET"]}}],"collection":[{"href":"https:\/\/megacase.com\/fr\/wp-json\/wp\/v2\/product"}],"about":[{"href":"https:\/\/megacase.com\/fr\/wp-json\/wp\/v2\/types\/product"}],"wp:featuredmedia":[{"embeddable":true,"href":"https:\/\/megacase.com\/fr\/wp-json\/wp\/v2\/media\/242104"}],"wp:attachment":[{"href":"https:\/\/megacase.com\/fr\/wp-json\/wp\/v2\/media?parent=242115"}],"wp:term":[{"taxonomy":"product_brand","embeddable":true,"href":"https:\/\/megacase.com\/fr\/wp-json\/wp\/v2\/product_brand?post=242115"},{"taxonomy":"product_cat","embeddable":true,"href":"https:\/\/megacase.com\/fr\/wp-json\/wp\/v2\/product_cat?post=242115"},{"taxonomy":"product_tag","embeddable":true,"href":"https:\/\/megacase.com\/fr\/wp-json\/wp\/v2\/product_tag?post=242115"}],"curies":[{"name":"wp","href":"https:\/\/api.w.org\/{rel}","templated":true}]}}