{"id":242047,"date":"2022-09-05T13:48:04","date_gmt":"2022-09-05T11:48:04","guid":{"rendered":"https:\/\/megacase.com\/product\/pedalcase-line6-pod-go\/"},"modified":"2026-03-26T13:31:56","modified_gmt":"2026-03-26T12:31:56","slug":"pedalcase-line6-pod-go","status":"publish","type":"product","link":"https:\/\/megacase.com\/fr\/produit\/pedalcase-line6-pod-go\/","title":{"rendered":"Pedalcase Line6 Pod Go"},"content":{"rendered":"<p>Housse de protection assortie pour Line6 Pod GO<br \/>\nRev\u00eatement ph\u00e9nolique multiplex de 6,8 mm<br \/>\nCouleur marron<br \/>\nChant en aluminium 22&#215;22 mm<br \/>\nrembourrage en mousse d&rsquo;au moins 1 cm<br \/>\n1 poign\u00e9e de valise<br \/>\n2 fermoirs papillon mini<br \/>\n8 coins \u00e0 billes en acier<br \/>\n4 pieds en caoutchouc<br \/>\nEspace pour l&rsquo;alimentation<br \/>\nL&rsquo;appareil peut \u00eatre utilis\u00e9 dans la partie inf\u00e9rieure<br \/>\nFabriqu\u00e9 en Allemagne<br \/>\nDimensions ext\u00e9rieures LxPxH environ : 433 x 355 x 152 mm<br \/>\nPoids environ 3,9 kg<\/p>\n","protected":false},"excerpt":{"rendered":"<p>Housse de protection assortie pour Line6 Pod GO Rev\u00eatement ph\u00e9nolique multiplex de 6,8 mm Couleur marron Chant en aluminium 22&#215;22<\/p>\n","protected":false},"featured_media":242020,"template":"","meta":{"_acf_changed":false},"product_brand":[],"product_cat":[15829],"product_tag":[],"class_list":{"0":"post-242047","1":"product","2":"type-product","3":"status-publish","4":"has-post-thumbnail","6":"product_cat-pedalcase-guitar-bass-cases-utilisation","8":"first","9":"instock","10":"taxable","11":"shipping-taxable","12":"purchasable","13":"product-type-simple"},"acf":[],"_links":{"self":[{"href":"https:\/\/megacase.com\/fr\/wp-json\/wp\/v2\/product\/242047","targetHints":{"allow":["GET"]}}],"collection":[{"href":"https:\/\/megacase.com\/fr\/wp-json\/wp\/v2\/product"}],"about":[{"href":"https:\/\/megacase.com\/fr\/wp-json\/wp\/v2\/types\/product"}],"wp:featuredmedia":[{"embeddable":true,"href":"https:\/\/megacase.com\/fr\/wp-json\/wp\/v2\/media\/242020"}],"wp:attachment":[{"href":"https:\/\/megacase.com\/fr\/wp-json\/wp\/v2\/media?parent=242047"}],"wp:term":[{"taxonomy":"product_brand","embeddable":true,"href":"https:\/\/megacase.com\/fr\/wp-json\/wp\/v2\/product_brand?post=242047"},{"taxonomy":"product_cat","embeddable":true,"href":"https:\/\/megacase.com\/fr\/wp-json\/wp\/v2\/product_cat?post=242047"},{"taxonomy":"product_tag","embeddable":true,"href":"https:\/\/megacase.com\/fr\/wp-json\/wp\/v2\/product_tag?post=242047"}],"curies":[{"name":"wp","href":"https:\/\/api.w.org\/{rel}","templated":true}]}}