{"id":239979,"date":"2022-07-20T09:48:05","date_gmt":"2022-07-20T07:48:05","guid":{"rendered":"https:\/\/megacase.com\/product\/case-2x-stairville-b1r-beam-wheel\/"},"modified":"2026-03-26T13:31:57","modified_gmt":"2026-03-26T12:31:57","slug":"case-2x-stairville-b1r-beam-wheel","status":"publish","type":"product","link":"https:\/\/megacase.com\/fr\/produit\/case-2x-stairville-b1r-beam-wheel\/","title":{"rendered":"Case 2x Stairville B1R Beam + wheel"},"content":{"rendered":"<p>Coffret assorti pour 2 lyres Stairville B1R Beam<br \/>\nRev\u00eatement en r\u00e9sine ph\u00e9nolique multiplex de 6,8 mm<br \/>\nCouleur marron<br \/>\nChant en aluminium 30&#215;30 mm<br \/>\n2 fermoirs papillon moyen<br \/>\n2 grandes charni\u00e8res verrouillables<br \/>\n2 poign\u00e9es rabattables moyennes<br \/>\n4 boules coin moyen<br \/>\n4 coins \u00e0 boule avec coin en L int\u00e9gr\u00e9 moyen,<br \/>\n4 roulettes pivotantes dont 2 avec frein<br \/>\nsubdivision sujet<br \/>\nrembourrage en mousse<br \/>\nCompartiment pour accessoires de 12 cm de large au milieu<br \/>\nFabriqu\u00e9 en Allemagne<br \/>\nDimensions ext\u00e9rieures LxPxH : environ 780 x 385 x 644 mm<br \/>\nPoids : environ 21,4 kg<\/p>\n","protected":false},"excerpt":{"rendered":"<p>Coffret assorti pour 2 lyres Stairville B1R Beam Rev\u00eatement en r\u00e9sine ph\u00e9nolique multiplex de 6,8 mm Couleur marron Chant en<\/p>\n","protected":false},"featured_media":239974,"template":"","meta":{"_acf_changed":false},"product_brand":[],"product_cat":[15423],"product_tag":[],"class_list":{"0":"post-239979","1":"product","2":"type-product","3":"status-publish","4":"has-post-thumbnail","6":"product_cat-light-equipment-case-utilisation","8":"first","9":"instock","10":"taxable","11":"shipping-taxable","12":"purchasable","13":"product-type-simple"},"acf":[],"_links":{"self":[{"href":"https:\/\/megacase.com\/fr\/wp-json\/wp\/v2\/product\/239979","targetHints":{"allow":["GET"]}}],"collection":[{"href":"https:\/\/megacase.com\/fr\/wp-json\/wp\/v2\/product"}],"about":[{"href":"https:\/\/megacase.com\/fr\/wp-json\/wp\/v2\/types\/product"}],"wp:featuredmedia":[{"embeddable":true,"href":"https:\/\/megacase.com\/fr\/wp-json\/wp\/v2\/media\/239974"}],"wp:attachment":[{"href":"https:\/\/megacase.com\/fr\/wp-json\/wp\/v2\/media?parent=239979"}],"wp:term":[{"taxonomy":"product_brand","embeddable":true,"href":"https:\/\/megacase.com\/fr\/wp-json\/wp\/v2\/product_brand?post=239979"},{"taxonomy":"product_cat","embeddable":true,"href":"https:\/\/megacase.com\/fr\/wp-json\/wp\/v2\/product_cat?post=239979"},{"taxonomy":"product_tag","embeddable":true,"href":"https:\/\/megacase.com\/fr\/wp-json\/wp\/v2\/product_tag?post=239979"}],"curies":[{"name":"wp","href":"https:\/\/api.w.org\/{rel}","templated":true}]}}