{"id":239787,"date":"2022-07-18T16:25:05","date_gmt":"2022-07-18T14:25:05","guid":{"rendered":"https:\/\/megacase.com\/product\/flightcase-cymbal-case-24\/"},"modified":"2026-03-26T13:31:57","modified_gmt":"2026-03-26T12:31:57","slug":"flightcase-cymbal-case-24","status":"publish","type":"product","link":"https:\/\/megacase.com\/fr\/produit\/flightcase-cymbal-case-24\/","title":{"rendered":"Flightcase Cymbal Case 24&Prime;"},"content":{"rendered":"<p>Valise de transport pour cymbales jusqu&rsquo;\u00e0 24&Prime;<br \/>\nen r\u00e9sine ph\u00e9nolique multiplex de 6,8 mm rev\u00eatue<br \/>\nCouleur marron<br \/>\nChant en aluminium 22&#215;22 mm<br \/>\n2 fermetures \u00e0 pression<br \/>\n2 charni\u00e8res verrouillables<br \/>\n1 poign\u00e9e en cuir<br \/>\n8 petits coins boule en acier<br \/>\nmandrin central vissable<br \/>\nHauteur du mandrin environ 9 cm<br \/>\nrembourrage en mousse<br \/>\nFabriqu\u00e9 en Allemagne<br \/>\nDimensions ext\u00e9rieures LxPxH 675x720x150 mm<br \/>\nPoids : 8,6 kg<\/p>\n","protected":false},"excerpt":{"rendered":"<p>Valise de transport pour cymbales jusqu&rsquo;\u00e0 24&Prime; en r\u00e9sine ph\u00e9nolique multiplex de 6,8 mm rev\u00eatue Couleur marron Chant en aluminium<\/p>\n","protected":false},"featured_media":239756,"template":"","meta":{"_acf_changed":false},"product_brand":[],"product_cat":[15525],"product_tag":[],"class_list":{"0":"post-239787","1":"product","2":"type-product","3":"status-publish","4":"has-post-thumbnail","6":"product_cat-drum-equipment-utilisation","8":"first","9":"instock","10":"taxable","11":"shipping-taxable","12":"purchasable","13":"product-type-simple"},"acf":[],"_links":{"self":[{"href":"https:\/\/megacase.com\/fr\/wp-json\/wp\/v2\/product\/239787","targetHints":{"allow":["GET"]}}],"collection":[{"href":"https:\/\/megacase.com\/fr\/wp-json\/wp\/v2\/product"}],"about":[{"href":"https:\/\/megacase.com\/fr\/wp-json\/wp\/v2\/types\/product"}],"wp:featuredmedia":[{"embeddable":true,"href":"https:\/\/megacase.com\/fr\/wp-json\/wp\/v2\/media\/239756"}],"wp:attachment":[{"href":"https:\/\/megacase.com\/fr\/wp-json\/wp\/v2\/media?parent=239787"}],"wp:term":[{"taxonomy":"product_brand","embeddable":true,"href":"https:\/\/megacase.com\/fr\/wp-json\/wp\/v2\/product_brand?post=239787"},{"taxonomy":"product_cat","embeddable":true,"href":"https:\/\/megacase.com\/fr\/wp-json\/wp\/v2\/product_cat?post=239787"},{"taxonomy":"product_tag","embeddable":true,"href":"https:\/\/megacase.com\/fr\/wp-json\/wp\/v2\/product_tag?post=239787"}],"curies":[{"name":"wp","href":"https:\/\/api.w.org\/{rel}","templated":true}]}}