{"id":239730,"date":"2022-07-18T16:16:24","date_gmt":"2022-07-18T14:16:24","guid":{"rendered":"https:\/\/megacase.com\/product\/flightcase-stagebox-8u\/"},"modified":"2026-03-26T13:31:58","modified_gmt":"2026-03-26T12:31:58","slug":"flightcase-stagebox-8u","status":"publish","type":"product","link":"https:\/\/megacase.com\/fr\/produit\/flightcase-stagebox-8u\/","title":{"rendered":"Flightcase Stagebox 8U"},"content":{"rendered":"<p>rack de sc\u00e8ne professionnel 19&Prime; adapt\u00e9 \u00e0 A&amp;H IDR-48 pour i Live T112<br \/>\nen multiplex de 6,8 mm recouvert de noir<br \/>\nChant en aluminium 30&#215;30 mm<br \/>\n4 fermoirs papillon \u00e0 ressort moyen<br \/>\n2 poign\u00e9es rabattables<br \/>\nRail de cr\u00e9maill\u00e8re continu avec passepoil en caoutchouc \u00e0 l&rsquo;avant et \u00e0 l&rsquo;arri\u00e8re<br \/>\nMat\u00e9riel de montage inclus<br \/>\nchaque rail de rack est amorti individuellement par 3 tampons en caoutchouc<br \/>\nHauteur d&rsquo;installation 8U<br \/>\nProfondeur d&rsquo;encastrement 25 cm<br \/>\n4 pieds en caoutchouc<br \/>\ncoins \u00e0 billes en acier<br \/>\nFabriqu\u00e9 en Allemagne<br \/>\nDimensions ext\u00e9rieures environ LxPxH 624x433x476 mm<br \/>\nPoids environ 15,8 kg<\/p>\n","protected":false},"excerpt":{"rendered":"<p>rack de sc\u00e8ne professionnel 19&Prime; adapt\u00e9 \u00e0 A&amp;H IDR-48 pour i Live T112 en multiplex de 6,8 mm recouvert de<\/p>\n","protected":false},"featured_media":239715,"template":"","meta":{"_acf_changed":false},"product_brand":[],"product_cat":[13593],"product_tag":[],"class_list":{"0":"post-239730","1":"product","2":"type-product","3":"status-publish","4":"has-post-thumbnail","6":"product_cat-racks-fr","8":"first","9":"instock","10":"taxable","11":"shipping-taxable","12":"purchasable","13":"product-type-simple"},"acf":[],"_links":{"self":[{"href":"https:\/\/megacase.com\/fr\/wp-json\/wp\/v2\/product\/239730","targetHints":{"allow":["GET"]}}],"collection":[{"href":"https:\/\/megacase.com\/fr\/wp-json\/wp\/v2\/product"}],"about":[{"href":"https:\/\/megacase.com\/fr\/wp-json\/wp\/v2\/types\/product"}],"wp:featuredmedia":[{"embeddable":true,"href":"https:\/\/megacase.com\/fr\/wp-json\/wp\/v2\/media\/239715"}],"wp:attachment":[{"href":"https:\/\/megacase.com\/fr\/wp-json\/wp\/v2\/media?parent=239730"}],"wp:term":[{"taxonomy":"product_brand","embeddable":true,"href":"https:\/\/megacase.com\/fr\/wp-json\/wp\/v2\/product_brand?post=239730"},{"taxonomy":"product_cat","embeddable":true,"href":"https:\/\/megacase.com\/fr\/wp-json\/wp\/v2\/product_cat?post=239730"},{"taxonomy":"product_tag","embeddable":true,"href":"https:\/\/megacase.com\/fr\/wp-json\/wp\/v2\/product_tag?post=239730"}],"curies":[{"name":"wp","href":"https:\/\/api.w.org\/{rel}","templated":true}]}}