{"id":239666,"date":"2022-07-18T16:09:31","date_gmt":"2022-07-18T14:09:31","guid":{"rendered":"https:\/\/megacase.com\/product\/flightcase-stagebox-6u\/"},"modified":"2026-03-26T13:31:58","modified_gmt":"2026-03-26T12:31:58","slug":"flightcase-stagebox-6u","status":"publish","type":"product","link":"https:\/\/megacase.com\/fr\/produit\/flightcase-stagebox-6u\/","title":{"rendered":"Flightcase Stagebox 6U"},"content":{"rendered":"<p>Pour bo\u00eetier de sc\u00e8ne num\u00e9rique Allen &amp; Heath IDR32<br \/>\nEn multiplex de bouleau de 7 mm<br \/>\nCorni\u00e8res en aluminium profil\u00e9 30 x 30 mm<br \/>\n4 fermetures type papillon<br \/>\n2 poign\u00e9es rabattables<br \/>\nRails de fixation type glissi\u00e8re \u00e0 l&rsquo;avant et \u00e0 l&rsquo;arri\u00e8re<br \/>\nJoints en caoutchouc<br \/>\nVis de fixation incl.<br \/>\nChaque rail est suspendu par 3 tampons en caoutchouc \u00e9quip\u00e9s de ressorts<br \/>\nProfondeur utile: 250 mm<br \/>\nCoins \u00e0 boule<br \/>\n4 pieds en caoutchouc<br \/>\nDimensions ext\u00e9rieures (LxPxH): env. 585 x 432 x 384 mm<br \/>\nPoids: env. 11,8 kg<br \/>\nFinition: noir<br \/>\nFabriqu\u00e9 en Allemagne<\/p>\n","protected":false},"excerpt":{"rendered":"<p>Pour bo\u00eetier de sc\u00e8ne num\u00e9rique Allen &amp; Heath IDR32 En multiplex de bouleau de 7 mm Corni\u00e8res en aluminium profil\u00e9<\/p>\n","protected":false},"featured_media":239631,"template":"","meta":{"_acf_changed":false},"product_brand":[],"product_cat":[13593],"product_tag":[],"class_list":{"0":"post-239666","1":"product","2":"type-product","3":"status-publish","4":"has-post-thumbnail","6":"product_cat-racks-fr","8":"first","9":"instock","10":"taxable","11":"shipping-taxable","12":"purchasable","13":"product-type-simple"},"acf":[],"_links":{"self":[{"href":"https:\/\/megacase.com\/fr\/wp-json\/wp\/v2\/product\/239666","targetHints":{"allow":["GET"]}}],"collection":[{"href":"https:\/\/megacase.com\/fr\/wp-json\/wp\/v2\/product"}],"about":[{"href":"https:\/\/megacase.com\/fr\/wp-json\/wp\/v2\/types\/product"}],"wp:featuredmedia":[{"embeddable":true,"href":"https:\/\/megacase.com\/fr\/wp-json\/wp\/v2\/media\/239631"}],"wp:attachment":[{"href":"https:\/\/megacase.com\/fr\/wp-json\/wp\/v2\/media?parent=239666"}],"wp:term":[{"taxonomy":"product_brand","embeddable":true,"href":"https:\/\/megacase.com\/fr\/wp-json\/wp\/v2\/product_brand?post=239666"},{"taxonomy":"product_cat","embeddable":true,"href":"https:\/\/megacase.com\/fr\/wp-json\/wp\/v2\/product_cat?post=239666"},{"taxonomy":"product_tag","embeddable":true,"href":"https:\/\/megacase.com\/fr\/wp-json\/wp\/v2\/product_tag?post=239666"}],"curies":[{"name":"wp","href":"https:\/\/api.w.org\/{rel}","templated":true}]}}