{"id":239596,"date":"2022-07-18T15:55:30","date_gmt":"2022-07-18T13:55:30","guid":{"rendered":"https:\/\/megacase.com\/product\/flightcase-6x-led-par-56-short\/"},"modified":"2026-03-26T13:31:58","modified_gmt":"2026-03-26T12:31:58","slug":"flightcase-6x-led-par-56-short","status":"publish","type":"product","link":"https:\/\/megacase.com\/fr\/produit\/flightcase-6x-led-par-56-short\/","title":{"rendered":"Flightcase 6x LED PAR 56 short"},"content":{"rendered":"<p>bo\u00eetier de poitrine sur mesure pour 6x LED PAR 56 court<br \/>\nContreplaqu\u00e9 6,8 mm<br \/>\nCouleur brun enduit ph\u00e9nolique<br \/>\nChant en aluminium 25&#215;25 mm<br \/>\n2 fermoirs papillon \u00e0 ressort moyen<br \/>\n2 poign\u00e9es rabattables<br \/>\n6 compartiments de 220&#215;225 mm chacun<br \/>\n4 coins boule en acier<br \/>\n4 coins boule en acier empilables<br \/>\nrembourrage en mousse d&rsquo;au moins 1 cm<br \/>\nfabriqu\u00e9 en Allemagne<br \/>\nDimensions ext\u00e9rieures environ LxPxH 725x510x367 mm<br \/>\nPoids environ 12 kg<\/p>\n","protected":false},"excerpt":{"rendered":"<p>bo\u00eetier de poitrine sur mesure pour 6x LED PAR 56 court Contreplaqu\u00e9 6,8 mm Couleur brun enduit ph\u00e9nolique Chant en<\/p>\n","protected":false},"featured_media":239569,"template":"","meta":{"_acf_changed":false},"product_brand":[],"product_cat":[15423],"product_tag":[],"class_list":{"0":"post-239596","1":"product","2":"type-product","3":"status-publish","4":"has-post-thumbnail","6":"product_cat-light-equipment-case-utilisation","8":"first","9":"instock","10":"taxable","11":"shipping-taxable","12":"purchasable","13":"product-type-simple"},"acf":[],"_links":{"self":[{"href":"https:\/\/megacase.com\/fr\/wp-json\/wp\/v2\/product\/239596","targetHints":{"allow":["GET"]}}],"collection":[{"href":"https:\/\/megacase.com\/fr\/wp-json\/wp\/v2\/product"}],"about":[{"href":"https:\/\/megacase.com\/fr\/wp-json\/wp\/v2\/types\/product"}],"wp:featuredmedia":[{"embeddable":true,"href":"https:\/\/megacase.com\/fr\/wp-json\/wp\/v2\/media\/239569"}],"wp:attachment":[{"href":"https:\/\/megacase.com\/fr\/wp-json\/wp\/v2\/media?parent=239596"}],"wp:term":[{"taxonomy":"product_brand","embeddable":true,"href":"https:\/\/megacase.com\/fr\/wp-json\/wp\/v2\/product_brand?post=239596"},{"taxonomy":"product_cat","embeddable":true,"href":"https:\/\/megacase.com\/fr\/wp-json\/wp\/v2\/product_cat?post=239596"},{"taxonomy":"product_tag","embeddable":true,"href":"https:\/\/megacase.com\/fr\/wp-json\/wp\/v2\/product_tag?post=239596"}],"curies":[{"name":"wp","href":"https:\/\/api.w.org\/{rel}","templated":true}]}}