{"id":239490,"date":"2022-07-18T15:35:34","date_gmt":"2022-07-18T13:35:34","guid":{"rendered":"https:\/\/megacase.com\/product\/case-ssl-solid-state-logic-big-six\/"},"modified":"2026-03-26T13:31:59","modified_gmt":"2026-03-26T12:31:59","slug":"case-ssl-solid-state-logic-big-six","status":"publish","type":"product","link":"https:\/\/megacase.com\/fr\/produit\/case-ssl-solid-state-logic-big-six\/","title":{"rendered":"Case SSL Solid State Logic Big SiX"},"content":{"rendered":"<p>Housse de capot assortie pour un SSL Solid State Logic Big SiX<br \/>\nen r\u00e9sine ph\u00e9nolique multiplex de 6,8 mm rev\u00eatue<br \/>\nBord en aluminium 25 x 25 mm<br \/>\n2 fermoirs papillon moyen<br \/>\n1 poign\u00e9e en cuir<br \/>\n8 coins boule moyen<br \/>\n4 pieds en caoutchouc 38 x 20 mm<br \/>\nrembourrage en mousse<br \/>\n10 cm d&rsquo;espace derri\u00e8re le bureau<br \/>\nFabriqu\u00e9 en Allemagne<br \/>\nDimensions ext\u00e9rieures LxPxH : environ 565 x 525 x 240 mm<br \/>\nPoids : environ 7,3 kg<\/p>\n","protected":false},"excerpt":{"rendered":"<p>Housse de capot assortie pour un SSL Solid State Logic Big SiX en r\u00e9sine ph\u00e9nolique multiplex de 6,8 mm rev\u00eatue<\/p>\n","protected":false},"featured_media":239442,"template":"","meta":{"_acf_changed":false},"product_brand":[],"product_cat":[13828],"product_tag":[],"class_list":{"0":"post-239490","1":"product","2":"type-product","3":"status-publish","4":"has-post-thumbnail","6":"product_cat-mischpult-cases-fr","8":"first","9":"instock","10":"taxable","11":"shipping-taxable","12":"purchasable","13":"product-type-simple"},"acf":[],"_links":{"self":[{"href":"https:\/\/megacase.com\/fr\/wp-json\/wp\/v2\/product\/239490","targetHints":{"allow":["GET"]}}],"collection":[{"href":"https:\/\/megacase.com\/fr\/wp-json\/wp\/v2\/product"}],"about":[{"href":"https:\/\/megacase.com\/fr\/wp-json\/wp\/v2\/types\/product"}],"wp:featuredmedia":[{"embeddable":true,"href":"https:\/\/megacase.com\/fr\/wp-json\/wp\/v2\/media\/239442"}],"wp:attachment":[{"href":"https:\/\/megacase.com\/fr\/wp-json\/wp\/v2\/media?parent=239490"}],"wp:term":[{"taxonomy":"product_brand","embeddable":true,"href":"https:\/\/megacase.com\/fr\/wp-json\/wp\/v2\/product_brand?post=239490"},{"taxonomy":"product_cat","embeddable":true,"href":"https:\/\/megacase.com\/fr\/wp-json\/wp\/v2\/product_cat?post=239490"},{"taxonomy":"product_tag","embeddable":true,"href":"https:\/\/megacase.com\/fr\/wp-json\/wp\/v2\/product_tag?post=239490"}],"curies":[{"name":"wp","href":"https:\/\/api.w.org\/{rel}","templated":true}]}}