{"id":239373,"date":"2022-07-18T15:20:09","date_gmt":"2022-07-18T13:20:09","guid":{"rendered":"https:\/\/megacase.com\/product\/flightcase-4x-martin-rush-par-3-rgb\/"},"modified":"2026-03-26T13:32:00","modified_gmt":"2026-03-26T12:32:00","slug":"flightcase-4x-martin-rush-par-3-rgb","status":"publish","type":"product","link":"https:\/\/megacase.com\/fr\/produit\/flightcase-4x-martin-rush-par-3-rgb\/","title":{"rendered":"Flightcase 4x Martin Rush PAR 3 RGB"},"content":{"rendered":"<p>Coffret assorti pour 4 Martin Rush PAR 3 RGB<br \/>\nen r\u00e9sine ph\u00e9nolique multiplex de 6,5 mm rev\u00eatue<br \/>\nCouleur marron<br \/>\nBord en aluminium 30 x 30 mm<br \/>\n2 fermoirs papillon moyen<br \/>\n4 poign\u00e9es pliantes moyennes<br \/>\n8 coins \u00e0 billes, dont 4 peuvent \u00eatre empil\u00e9s en dessous<br \/>\n2 charni\u00e8res verrouillables<br \/>\nrembourrage en mousse<br \/>\nCompartiment \u00e0 accessoires non rembourr\u00e9 de 15 cm de large \u00e0 droite<br \/>\nFabriqu\u00e9 en Allemagne<br \/>\nDimensions ext\u00e9rieures LxPxH : environ 754 x 470 x 335 mm<br \/>\nPoids : environ 12,9 kg<\/p>\n","protected":false},"excerpt":{"rendered":"<p>Coffret assorti pour 4 Martin Rush PAR 3 RGB en r\u00e9sine ph\u00e9nolique multiplex de 6,5 mm rev\u00eatue Couleur marron Bord<\/p>\n","protected":false},"featured_media":239366,"template":"","meta":{"_acf_changed":false},"product_brand":[],"product_cat":[15423],"product_tag":[],"class_list":{"0":"post-239373","1":"product","2":"type-product","3":"status-publish","4":"has-post-thumbnail","6":"product_cat-light-equipment-case-utilisation","8":"first","9":"instock","10":"taxable","11":"shipping-taxable","12":"purchasable","13":"product-type-simple"},"acf":[],"_links":{"self":[{"href":"https:\/\/megacase.com\/fr\/wp-json\/wp\/v2\/product\/239373","targetHints":{"allow":["GET"]}}],"collection":[{"href":"https:\/\/megacase.com\/fr\/wp-json\/wp\/v2\/product"}],"about":[{"href":"https:\/\/megacase.com\/fr\/wp-json\/wp\/v2\/types\/product"}],"wp:featuredmedia":[{"embeddable":true,"href":"https:\/\/megacase.com\/fr\/wp-json\/wp\/v2\/media\/239366"}],"wp:attachment":[{"href":"https:\/\/megacase.com\/fr\/wp-json\/wp\/v2\/media?parent=239373"}],"wp:term":[{"taxonomy":"product_brand","embeddable":true,"href":"https:\/\/megacase.com\/fr\/wp-json\/wp\/v2\/product_brand?post=239373"},{"taxonomy":"product_cat","embeddable":true,"href":"https:\/\/megacase.com\/fr\/wp-json\/wp\/v2\/product_cat?post=239373"},{"taxonomy":"product_tag","embeddable":true,"href":"https:\/\/megacase.com\/fr\/wp-json\/wp\/v2\/product_tag?post=239373"}],"curies":[{"name":"wp","href":"https:\/\/api.w.org\/{rel}","templated":true}]}}