{"id":239305,"date":"2022-07-18T15:13:48","date_gmt":"2022-07-18T13:13:48","guid":{"rendered":"https:\/\/megacase.com\/product\/case-pioneer-xdj-rx3-rackspace\/"},"modified":"2026-03-26T13:32:00","modified_gmt":"2026-03-26T12:32:00","slug":"case-pioneer-xdj-rx3-rackspace","status":"publish","type":"product","link":"https:\/\/megacase.com\/fr\/produit\/case-pioneer-xdj-rx3-rackspace\/","title":{"rendered":"Case Pioneer XDJ-RX3 + Rackspace"},"content":{"rendered":"<p>Bo\u00eetier d&rsquo;angle assorti pour un Pioneer XDJ RX3<br \/>\nen r\u00e9sine ph\u00e9nolique multiplex de 6,8 mm rev\u00eatue<br \/>\nCouleur marron<br \/>\nBord en aluminium 25 x 25 mm<br \/>\n6 fermoirs papillon moyen<br \/>\n3 poign\u00e9es pliantes moyennes<br \/>\n8 coins boule moyen<br \/>\n4 pieds en caoutchouc 38 x 20 mm<br \/>\nrembourrage en mousse assorti<br \/>\nGoulotte de c\u00e2bles de 15 cm de profondeur avec rabat<br \/>\nen bas \u00e0 droite unit\u00e9 de rack 2U librement disponible<br \/>\ncompartiment de rangement gauche d&rsquo;environ 24 cm de large<br \/>\nFabriqu\u00e9 en Allemagne<br \/>\nDimensions ext\u00e9rieures LxPxH : environ 805 x 620 x 305<br \/>\nPoids : environ 20 kg<\/p>\n","protected":false},"excerpt":{"rendered":"<p>Bo\u00eetier d&rsquo;angle assorti pour un Pioneer XDJ RX3 en r\u00e9sine ph\u00e9nolique multiplex de 6,8 mm rev\u00eatue Couleur marron Bord en<\/p>\n","protected":false},"featured_media":239238,"template":"","meta":{"_acf_changed":false},"product_brand":[],"product_cat":[13730],"product_tag":[],"class_list":{"0":"post-239305","1":"product","2":"type-product","3":"status-publish","4":"has-post-thumbnail","6":"product_cat-dj-cases-fr","8":"first","9":"instock","10":"taxable","11":"shipping-taxable","12":"purchasable","13":"product-type-simple"},"acf":[],"_links":{"self":[{"href":"https:\/\/megacase.com\/fr\/wp-json\/wp\/v2\/product\/239305","targetHints":{"allow":["GET"]}}],"collection":[{"href":"https:\/\/megacase.com\/fr\/wp-json\/wp\/v2\/product"}],"about":[{"href":"https:\/\/megacase.com\/fr\/wp-json\/wp\/v2\/types\/product"}],"wp:featuredmedia":[{"embeddable":true,"href":"https:\/\/megacase.com\/fr\/wp-json\/wp\/v2\/media\/239238"}],"wp:attachment":[{"href":"https:\/\/megacase.com\/fr\/wp-json\/wp\/v2\/media?parent=239305"}],"wp:term":[{"taxonomy":"product_brand","embeddable":true,"href":"https:\/\/megacase.com\/fr\/wp-json\/wp\/v2\/product_brand?post=239305"},{"taxonomy":"product_cat","embeddable":true,"href":"https:\/\/megacase.com\/fr\/wp-json\/wp\/v2\/product_cat?post=239305"},{"taxonomy":"product_tag","embeddable":true,"href":"https:\/\/megacase.com\/fr\/wp-json\/wp\/v2\/product_tag?post=239305"}],"curies":[{"name":"wp","href":"https:\/\/api.w.org\/{rel}","templated":true}]}}