{"id":239233,"date":"2022-07-18T15:07:42","date_gmt":"2022-07-18T13:07:42","guid":{"rendered":"https:\/\/megacase.com\/product\/flightcase-yamaha-mg06\/"},"modified":"2026-03-26T13:32:00","modified_gmt":"2026-03-26T12:32:00","slug":"flightcase-yamaha-mg06","status":"publish","type":"product","link":"https:\/\/megacase.com\/fr\/produit\/flightcase-yamaha-mg06\/","title":{"rendered":"Flightcase Yamaha MG06"},"content":{"rendered":"<p>Housse de capot sur mesure pour une Yamaha MG06 \/ MG06X<br \/>\nen multiplex de 6,8 mm recouvert de r\u00e9sine ph\u00e9nolique<br \/>\nCouleur marron<br \/>\nBord en aluminium 22 x 22 mm<br \/>\n2 petits fermoirs papillon<br \/>\n1 poign\u00e9e de valise<br \/>\n8 boules corners petit<br \/>\n4 pieds en caoutchouc 25 x 15 mm<br \/>\nrembourrage en mousse<br \/>\nL&rsquo;appareil peut \u00eatre utilis\u00e9 dans la partie inf\u00e9rieure<br \/>\nFabriqu\u00e9 en Allemagne<br \/>\nDimensions ext\u00e9rieures LxPxH : environ 215 x 351 x 141 mm<br \/>\nPoids : environ 2,5 kg<\/p>\n","protected":false},"excerpt":{"rendered":"<p>Housse de capot sur mesure pour une Yamaha MG06 \/ MG06X en multiplex de 6,8 mm recouvert de r\u00e9sine ph\u00e9nolique<\/p>\n","protected":false},"featured_media":239218,"template":"","meta":{"_acf_changed":false},"product_brand":[],"product_cat":[13828],"product_tag":[],"class_list":{"0":"post-239233","1":"product","2":"type-product","3":"status-publish","4":"has-post-thumbnail","6":"product_cat-mischpult-cases-fr","8":"first","9":"instock","10":"taxable","11":"shipping-taxable","12":"purchasable","13":"product-type-simple"},"acf":[],"_links":{"self":[{"href":"https:\/\/megacase.com\/fr\/wp-json\/wp\/v2\/product\/239233","targetHints":{"allow":["GET"]}}],"collection":[{"href":"https:\/\/megacase.com\/fr\/wp-json\/wp\/v2\/product"}],"about":[{"href":"https:\/\/megacase.com\/fr\/wp-json\/wp\/v2\/types\/product"}],"wp:featuredmedia":[{"embeddable":true,"href":"https:\/\/megacase.com\/fr\/wp-json\/wp\/v2\/media\/239218"}],"wp:attachment":[{"href":"https:\/\/megacase.com\/fr\/wp-json\/wp\/v2\/media?parent=239233"}],"wp:term":[{"taxonomy":"product_brand","embeddable":true,"href":"https:\/\/megacase.com\/fr\/wp-json\/wp\/v2\/product_brand?post=239233"},{"taxonomy":"product_cat","embeddable":true,"href":"https:\/\/megacase.com\/fr\/wp-json\/wp\/v2\/product_cat?post=239233"},{"taxonomy":"product_tag","embeddable":true,"href":"https:\/\/megacase.com\/fr\/wp-json\/wp\/v2\/product_tag?post=239233"}],"curies":[{"name":"wp","href":"https:\/\/api.w.org\/{rel}","templated":true}]}}