{"id":239144,"date":"2022-07-18T14:54:36","date_gmt":"2022-07-18T12:54:36","guid":{"rendered":"https:\/\/megacase.com\/product\/pedalcase-headrush-mx5\/"},"modified":"2026-03-26T13:32:01","modified_gmt":"2026-03-26T12:32:01","slug":"pedalcase-headrush-mx5","status":"publish","type":"product","link":"https:\/\/megacase.com\/fr\/produit\/pedalcase-headrush-mx5\/","title":{"rendered":"Pedalcase Headrush MX5"},"content":{"rendered":"<p>bo\u00eetier de capot sur mesure adapt\u00e9 \u00e0 Headrus MX5<br \/>\nen multiplex de 6,8 mm recouvert de r\u00e9sine ph\u00e9nolique<br \/>\nCouleur marron<br \/>\nBord en aluminium 22 x 22 mm<br \/>\n2 petits fermoirs papillon<br \/>\n1 poign\u00e9e en cuir<br \/>\n8 boules corners petit<br \/>\n4 pieds en caoutchouc 38 x 10 mm<br \/>\nrembourrage en mousse<br \/>\nL&rsquo;appareil peut \u00eatre utilis\u00e9 dans la partie inf\u00e9rieure<br \/>\nDimensions ext\u00e9rieures LxPxH : environ 363 x 279 x 148 mm<br \/>\nPoids : environ 3,1 kg<\/p>\n","protected":false},"excerpt":{"rendered":"<p>bo\u00eetier de capot sur mesure adapt\u00e9 \u00e0 Headrus MX5 en multiplex de 6,8 mm recouvert de r\u00e9sine ph\u00e9nolique Couleur marron<\/p>\n","protected":false},"featured_media":239137,"template":"","meta":{"_acf_changed":false},"product_brand":[],"product_cat":[15829],"product_tag":[],"class_list":{"0":"post-239144","1":"product","2":"type-product","3":"status-publish","4":"has-post-thumbnail","6":"product_cat-pedalcase-guitar-bass-cases-utilisation","8":"first","9":"instock","10":"taxable","11":"shipping-taxable","12":"purchasable","13":"product-type-simple"},"acf":[],"_links":{"self":[{"href":"https:\/\/megacase.com\/fr\/wp-json\/wp\/v2\/product\/239144","targetHints":{"allow":["GET"]}}],"collection":[{"href":"https:\/\/megacase.com\/fr\/wp-json\/wp\/v2\/product"}],"about":[{"href":"https:\/\/megacase.com\/fr\/wp-json\/wp\/v2\/types\/product"}],"wp:featuredmedia":[{"embeddable":true,"href":"https:\/\/megacase.com\/fr\/wp-json\/wp\/v2\/media\/239137"}],"wp:attachment":[{"href":"https:\/\/megacase.com\/fr\/wp-json\/wp\/v2\/media?parent=239144"}],"wp:term":[{"taxonomy":"product_brand","embeddable":true,"href":"https:\/\/megacase.com\/fr\/wp-json\/wp\/v2\/product_brand?post=239144"},{"taxonomy":"product_cat","embeddable":true,"href":"https:\/\/megacase.com\/fr\/wp-json\/wp\/v2\/product_cat?post=239144"},{"taxonomy":"product_tag","embeddable":true,"href":"https:\/\/megacase.com\/fr\/wp-json\/wp\/v2\/product_tag?post=239144"}],"curies":[{"name":"wp","href":"https:\/\/api.w.org\/{rel}","templated":true}]}}