{"id":238736,"date":"2022-07-14T16:45:42","date_gmt":"2022-07-14T14:45:42","guid":{"rendered":"https:\/\/megacase.com\/product\/hoodcase-rcf-sub-8006-as\/"},"modified":"2026-03-26T13:32:03","modified_gmt":"2026-03-26T12:32:03","slug":"hoodcase-rcf-sub-8006-as","status":"publish","type":"product","link":"https:\/\/megacase.com\/fr\/produit\/hoodcase-rcf-sub-8006-as\/","title":{"rendered":"Hoodcase RCF SUB 8006-AS"},"content":{"rendered":"<p>Capot assorti pour un subwoofer RCF SUB 8006-AS<br \/>\nen multiplex de 6,8 mm recouvert de PVC<br \/>\nLa couleur noire<br \/>\nBord en aluminium 30 x 30 mm<br \/>\n4 coins plats moyen<br \/>\n4 coins de profil de chapeau<br \/>\n4 d\u00e9coupes pour poign\u00e9es encastr\u00e9es<br \/>\n2 glissi\u00e8res<br \/>\nrembourrage en mousse<br \/>\nFabriqu\u00e9 en Allemagne<br \/>\nDimensions ext\u00e9rieures LxPxH : environ 1154 x 760 x 730 mm<br \/>\nPoids : environ 20,8 kg<\/p>\n","protected":false},"excerpt":{"rendered":"<p>Capot assorti pour un subwoofer RCF SUB 8006-AS en multiplex de 6,8 mm recouvert de PVC La couleur noire Bord<\/p>\n","protected":false},"featured_media":238733,"template":"","meta":{"_acf_changed":false},"product_brand":[],"product_cat":[15152],"product_tag":[],"class_list":{"0":"post-238736","1":"product","2":"type-product","3":"status-publish","4":"has-post-thumbnail","6":"product_cat-audio-utilisation","8":"first","9":"instock","10":"taxable","11":"shipping-taxable","12":"purchasable","13":"product-type-simple"},"acf":[],"_links":{"self":[{"href":"https:\/\/megacase.com\/fr\/wp-json\/wp\/v2\/product\/238736","targetHints":{"allow":["GET"]}}],"collection":[{"href":"https:\/\/megacase.com\/fr\/wp-json\/wp\/v2\/product"}],"about":[{"href":"https:\/\/megacase.com\/fr\/wp-json\/wp\/v2\/types\/product"}],"wp:featuredmedia":[{"embeddable":true,"href":"https:\/\/megacase.com\/fr\/wp-json\/wp\/v2\/media\/238733"}],"wp:attachment":[{"href":"https:\/\/megacase.com\/fr\/wp-json\/wp\/v2\/media?parent=238736"}],"wp:term":[{"taxonomy":"product_brand","embeddable":true,"href":"https:\/\/megacase.com\/fr\/wp-json\/wp\/v2\/product_brand?post=238736"},{"taxonomy":"product_cat","embeddable":true,"href":"https:\/\/megacase.com\/fr\/wp-json\/wp\/v2\/product_cat?post=238736"},{"taxonomy":"product_tag","embeddable":true,"href":"https:\/\/megacase.com\/fr\/wp-json\/wp\/v2\/product_tag?post=238736"}],"curies":[{"name":"wp","href":"https:\/\/api.w.org\/{rel}","templated":true}]}}