{"id":238698,"date":"2022-07-14T15:56:41","date_gmt":"2022-07-14T13:56:41","guid":{"rendered":"https:\/\/megacase.com\/product\/flightcase-studiomaster-club-xs12\/"},"modified":"2026-03-26T13:32:03","modified_gmt":"2026-03-26T12:32:03","slug":"flightcase-studiomaster-club-xs12","status":"publish","type":"product","link":"https:\/\/megacase.com\/fr\/produit\/flightcase-studiomaster-club-xs12\/","title":{"rendered":"Flightcase Studiomaster Club XS12"},"content":{"rendered":"<p>Housse de capot assortie pour un Studiomaster Club XS12<br \/>\nen multiplex de 6,8 mm recouvert de r\u00e9sine ph\u00e9nolique<br \/>\nCouleur marron<br \/>\nBord en aluminium 30 x 30 mm<br \/>\n2 fermoirs papillon moyen<br \/>\n8 coins boule moyen<br \/>\n1 poign\u00e9e en cuir<br \/>\n4 pieds en caoutchouc 38 x 20 mm<br \/>\nrembourrage en mousse<br \/>\nEspace de 80 mm \u00e0 l&rsquo;arri\u00e8re pour les connexions<br \/>\nL&rsquo;appareil peut \u00eatre utilis\u00e9 dans la partie inf\u00e9rieure<br \/>\nFabriqu\u00e9 en Allemagne<br \/>\nDimensions ext\u00e9rieures LxPxH : environ 465 x 525 x 185 mm<br \/>\nPoids : environ 6 kg<\/p>\n","protected":false},"excerpt":{"rendered":"<p>Housse de capot assortie pour un Studiomaster Club XS12 en multiplex de 6,8 mm recouvert de r\u00e9sine ph\u00e9nolique Couleur marron<\/p>\n","protected":false},"featured_media":238683,"template":"","meta":{"_acf_changed":false},"product_brand":[],"product_cat":[13828],"product_tag":[],"class_list":{"0":"post-238698","1":"product","2":"type-product","3":"status-publish","4":"has-post-thumbnail","6":"product_cat-mischpult-cases-fr","8":"first","9":"instock","10":"taxable","11":"shipping-taxable","12":"purchasable","13":"product-type-simple"},"acf":[],"_links":{"self":[{"href":"https:\/\/megacase.com\/fr\/wp-json\/wp\/v2\/product\/238698","targetHints":{"allow":["GET"]}}],"collection":[{"href":"https:\/\/megacase.com\/fr\/wp-json\/wp\/v2\/product"}],"about":[{"href":"https:\/\/megacase.com\/fr\/wp-json\/wp\/v2\/types\/product"}],"wp:featuredmedia":[{"embeddable":true,"href":"https:\/\/megacase.com\/fr\/wp-json\/wp\/v2\/media\/238683"}],"wp:attachment":[{"href":"https:\/\/megacase.com\/fr\/wp-json\/wp\/v2\/media?parent=238698"}],"wp:term":[{"taxonomy":"product_brand","embeddable":true,"href":"https:\/\/megacase.com\/fr\/wp-json\/wp\/v2\/product_brand?post=238698"},{"taxonomy":"product_cat","embeddable":true,"href":"https:\/\/megacase.com\/fr\/wp-json\/wp\/v2\/product_cat?post=238698"},{"taxonomy":"product_tag","embeddable":true,"href":"https:\/\/megacase.com\/fr\/wp-json\/wp\/v2\/product_tag?post=238698"}],"curies":[{"name":"wp","href":"https:\/\/api.w.org\/{rel}","templated":true}]}}