{"id":238341,"date":"2022-07-11T14:17:38","date_gmt":"2022-07-11T12:17:38","guid":{"rendered":"https:\/\/megacase.com\/product\/flightcase-2x-rcf-nxl-44a-mk2\/"},"modified":"2026-03-26T13:32:04","modified_gmt":"2026-03-26T12:32:04","slug":"flightcase-2x-rcf-nxl-44a-mk2","status":"publish","type":"product","link":"https:\/\/megacase.com\/fr\/produit\/flightcase-2x-rcf-nxl-44a-mk2\/","title":{"rendered":"Flightcase 2x RCF NXL 44A MK2"},"content":{"rendered":"<p>Housse de protection assortie pour 2 enceintes RCF NXL 44-A MK2<br \/>\nen r\u00e9sine ph\u00e9nolique multiplex de 9 mm rev\u00eatue<br \/>\nCouleur marron<br \/>\nBord en aluminium 30 x 30 mm<br \/>\n4 fermoirs papillon moyen<br \/>\n8 poign\u00e9es pliantes moyennes<br \/>\n4 passages de roue<br \/>\n8 boules corners larges<br \/>\n8 L coins grands<br \/>\n4 roulettes pivotantes dont 2 avec frein<br \/>\nsubdivision sujet<br \/>\nrembourrage en mousse<br \/>\nFabriqu\u00e9 en Allemagne<br \/>\nDimensions ext\u00e9rieures LxPxH : environ 1173 x 744 x 640 mm<br \/>\nPoids : environ 41,2 kg<\/p>\n","protected":false},"excerpt":{"rendered":"<p>Housse de protection assortie pour 2 enceintes RCF NXL 44-A MK2 en r\u00e9sine ph\u00e9nolique multiplex de 9 mm rev\u00eatue Couleur<\/p>\n","protected":false},"featured_media":238302,"template":"","meta":{"_acf_changed":false},"product_brand":[],"product_cat":[15152],"product_tag":[],"class_list":{"0":"post-238341","1":"product","2":"type-product","3":"status-publish","4":"has-post-thumbnail","6":"product_cat-audio-utilisation","8":"first","9":"instock","10":"taxable","11":"shipping-taxable","12":"purchasable","13":"product-type-simple"},"acf":[],"_links":{"self":[{"href":"https:\/\/megacase.com\/fr\/wp-json\/wp\/v2\/product\/238341","targetHints":{"allow":["GET"]}}],"collection":[{"href":"https:\/\/megacase.com\/fr\/wp-json\/wp\/v2\/product"}],"about":[{"href":"https:\/\/megacase.com\/fr\/wp-json\/wp\/v2\/types\/product"}],"wp:featuredmedia":[{"embeddable":true,"href":"https:\/\/megacase.com\/fr\/wp-json\/wp\/v2\/media\/238302"}],"wp:attachment":[{"href":"https:\/\/megacase.com\/fr\/wp-json\/wp\/v2\/media?parent=238341"}],"wp:term":[{"taxonomy":"product_brand","embeddable":true,"href":"https:\/\/megacase.com\/fr\/wp-json\/wp\/v2\/product_brand?post=238341"},{"taxonomy":"product_cat","embeddable":true,"href":"https:\/\/megacase.com\/fr\/wp-json\/wp\/v2\/product_cat?post=238341"},{"taxonomy":"product_tag","embeddable":true,"href":"https:\/\/megacase.com\/fr\/wp-json\/wp\/v2\/product_tag?post=238341"}],"curies":[{"name":"wp","href":"https:\/\/api.w.org\/{rel}","templated":true}]}}