{"id":238208,"date":"2022-07-11T13:50:34","date_gmt":"2022-07-11T11:50:34","guid":{"rendered":"https:\/\/megacase.com\/product\/flightcase-marleaux-soprano-bass\/"},"modified":"2026-03-26T13:32:05","modified_gmt":"2026-03-26T12:32:05","slug":"flightcase-marleaux-soprano-bass","status":"publish","type":"product","link":"https:\/\/megacase.com\/fr\/produit\/flightcase-marleaux-soprano-bass\/","title":{"rendered":"Flightcase Marleaux Soprano Bass"},"content":{"rendered":"<p>Mallette de transport assortie pour une basse Marleaux Soprano<br \/>\nen r\u00e9sine ph\u00e9nolique multiplex de 6,8 mm rev\u00eatue<br \/>\nCouleur marron<br \/>\nBord en aluminium 22 x 22 mm<br \/>\n2 petits fermoirs papillon \u00e0 ressort<br \/>\n1 poign\u00e9e en cuir<br \/>\n1 cadenas verrouillable<br \/>\n2 charni\u00e8res verrouillables<br \/>\n8 boules corners petit<br \/>\n4 L coins moyen<br \/>\ninsert en mousse assorti<br \/>\nFabriqu\u00e9 en Allemagne<br \/>\nDimensions ext\u00e9rieures LxPxH : environ 870 x 385 x 130 mm<br \/>\nPoids : environ 6,5 kg<\/p>\n","protected":false},"excerpt":{"rendered":"<p>Mallette de transport assortie pour une basse Marleaux Soprano en r\u00e9sine ph\u00e9nolique multiplex de 6,8 mm rev\u00eatue Couleur marron Bord<\/p>\n","protected":false},"featured_media":238149,"template":"","meta":{"_acf_changed":false},"product_brand":[],"product_cat":[15301],"product_tag":[],"class_list":{"0":"post-238208","1":"product","2":"type-product","3":"status-publish","4":"has-post-thumbnail","6":"product_cat-guitar-bass-cases-utilisation","8":"first","9":"instock","10":"taxable","11":"shipping-taxable","12":"purchasable","13":"product-type-simple"},"acf":[],"_links":{"self":[{"href":"https:\/\/megacase.com\/fr\/wp-json\/wp\/v2\/product\/238208","targetHints":{"allow":["GET"]}}],"collection":[{"href":"https:\/\/megacase.com\/fr\/wp-json\/wp\/v2\/product"}],"about":[{"href":"https:\/\/megacase.com\/fr\/wp-json\/wp\/v2\/types\/product"}],"wp:featuredmedia":[{"embeddable":true,"href":"https:\/\/megacase.com\/fr\/wp-json\/wp\/v2\/media\/238149"}],"wp:attachment":[{"href":"https:\/\/megacase.com\/fr\/wp-json\/wp\/v2\/media?parent=238208"}],"wp:term":[{"taxonomy":"product_brand","embeddable":true,"href":"https:\/\/megacase.com\/fr\/wp-json\/wp\/v2\/product_brand?post=238208"},{"taxonomy":"product_cat","embeddable":true,"href":"https:\/\/megacase.com\/fr\/wp-json\/wp\/v2\/product_cat?post=238208"},{"taxonomy":"product_tag","embeddable":true,"href":"https:\/\/megacase.com\/fr\/wp-json\/wp\/v2\/product_tag?post=238208"}],"curies":[{"name":"wp","href":"https:\/\/api.w.org\/{rel}","templated":true}]}}