{"id":237917,"date":"2022-07-11T13:22:21","date_gmt":"2022-07-11T11:22:21","guid":{"rendered":"https:\/\/megacase.com\/product\/display-multi-case-bk-75-100\/"},"modified":"2026-03-26T13:32:06","modified_gmt":"2026-03-26T12:32:06","slug":"display-multi-case-bk-75-100","status":"publish","type":"product","link":"https:\/\/megacase.com\/fr\/produit\/display-multi-case-bk-75-100\/","title":{"rendered":"Display Multi Case BK 75-100&Prime;"},"content":{"rendered":"<p>Valise de transport adapt\u00e9e aux \u00e9crans 75-100&Prime;<br \/>\nen multiplex de 9 mm recouvert de PVC<br \/>\nLa couleur noire<br \/>\nChant en aluminium 35 x 35 mm<br \/>\n6 grands fermoirs papillon<br \/>\n10 grandes poign\u00e9es pliantes<br \/>\n4 poign\u00e9es pliantes moyennes<br \/>\n4 roulettes frein\u00e9es<br \/>\nrembourrage en mousse<br \/>\nAm\u00e9nagements int\u00e9rieurs pour le transport d&rsquo;un pr\u00e9sentoir<br \/>\nFabriqu\u00e9 en Allemagne<br \/>\nDimensions maxi du pr\u00e9sentoir LxPxH : 2380 x 944 x 115 mm<br \/>\nDimensions ext\u00e9rieures LxPxH : env. 2440x540x1630 mm<br \/>\npoids : env. 152 kg<\/p>\n","protected":false},"excerpt":{"rendered":"<p>Valise de transport adapt\u00e9e aux \u00e9crans 75-100&Prime; en multiplex de 9 mm recouvert de PVC La couleur noire Chant en<\/p>\n","protected":false},"featured_media":255658,"template":"","meta":{"_acf_changed":false},"product_brand":[],"product_cat":[13690],"product_tag":[],"class_list":{"0":"post-237917","1":"product","2":"type-product","3":"status-publish","4":"has-post-thumbnail","6":"product_cat-display-monitor-fr","8":"first","9":"instock","10":"taxable","11":"shipping-taxable","12":"purchasable","13":"product-type-simple"},"acf":[],"_links":{"self":[{"href":"https:\/\/megacase.com\/fr\/wp-json\/wp\/v2\/product\/237917","targetHints":{"allow":["GET"]}}],"collection":[{"href":"https:\/\/megacase.com\/fr\/wp-json\/wp\/v2\/product"}],"about":[{"href":"https:\/\/megacase.com\/fr\/wp-json\/wp\/v2\/types\/product"}],"wp:featuredmedia":[{"embeddable":true,"href":"https:\/\/megacase.com\/fr\/wp-json\/wp\/v2\/media\/255658"}],"wp:attachment":[{"href":"https:\/\/megacase.com\/fr\/wp-json\/wp\/v2\/media?parent=237917"}],"wp:term":[{"taxonomy":"product_brand","embeddable":true,"href":"https:\/\/megacase.com\/fr\/wp-json\/wp\/v2\/product_brand?post=237917"},{"taxonomy":"product_cat","embeddable":true,"href":"https:\/\/megacase.com\/fr\/wp-json\/wp\/v2\/product_cat?post=237917"},{"taxonomy":"product_tag","embeddable":true,"href":"https:\/\/megacase.com\/fr\/wp-json\/wp\/v2\/product_tag?post=237917"}],"curies":[{"name":"wp","href":"https:\/\/api.w.org\/{rel}","templated":true}]}}