{"id":237869,"date":"2022-07-11T13:12:08","date_gmt":"2022-07-11T11:12:08","guid":{"rendered":"https:\/\/megacase.com\/product\/flip-down-case-yamaha-pm3\/"},"modified":"2026-03-26T13:32:06","modified_gmt":"2026-03-26T12:32:06","slug":"flip-down-case-yamaha-pm3","status":"publish","type":"product","link":"https:\/\/megacase.com\/fr\/produit\/flip-down-case-yamaha-pm3\/","title":{"rendered":"Flip Down Case Yamaha PM3"},"content":{"rendered":"<p>\u00c9tui \u00e0 rabat assorti pour une table de mixage Yamaha Rivage CS-R3<br \/>\nen multiplex de 9 mm recouvert de PVC<br \/>\nLa couleur noire<br \/>\nChant en aluminium 35&#215;35 mm<br \/>\n4 fermoirs papillon grands<br \/>\n8 poign\u00e9e pliante grande<br \/>\n12 L coins grands<br \/>\nPoign\u00e9es int\u00e9gr\u00e9es \u00e0 2 bords<br \/>\n8 boules corner grand<br \/>\ncharni\u00e8res<br \/>\n2 fermetures \u00e0 loquet<br \/>\n6 charni\u00e8res \u00e0 vis argent<br \/>\n4 roulettes pivotantes 100 mm dont 2 avec frein<br \/>\n1 planche \u00e0 roulettes<br \/>\nrembourrage en mousse<br \/>\nRembourrage en mousse enti\u00e8rement noir<br \/>\n2 flancs adapt\u00e9s pour Yamaha Rivage CS-R3<br \/>\nvis de blocage<br \/>\n2 ressorts \u00e0 gaz<br \/>\nFabriqu\u00e9 en Allemagne<\/p>\n","protected":false},"excerpt":{"rendered":"<p>\u00c9tui \u00e0 rabat assorti pour une table de mixage Yamaha Rivage CS-R3 en multiplex de 9 mm recouvert de PVC<\/p>\n","protected":false},"featured_media":237858,"template":"","meta":{"_acf_changed":false},"product_brand":[],"product_cat":[13828],"product_tag":[],"class_list":{"0":"post-237869","1":"product","2":"type-product","3":"status-publish","4":"has-post-thumbnail","6":"product_cat-mischpult-cases-fr","8":"first","9":"instock","10":"taxable","11":"shipping-taxable","12":"purchasable","13":"product-type-simple"},"acf":[],"_links":{"self":[{"href":"https:\/\/megacase.com\/fr\/wp-json\/wp\/v2\/product\/237869","targetHints":{"allow":["GET"]}}],"collection":[{"href":"https:\/\/megacase.com\/fr\/wp-json\/wp\/v2\/product"}],"about":[{"href":"https:\/\/megacase.com\/fr\/wp-json\/wp\/v2\/types\/product"}],"wp:featuredmedia":[{"embeddable":true,"href":"https:\/\/megacase.com\/fr\/wp-json\/wp\/v2\/media\/237858"}],"wp:attachment":[{"href":"https:\/\/megacase.com\/fr\/wp-json\/wp\/v2\/media?parent=237869"}],"wp:term":[{"taxonomy":"product_brand","embeddable":true,"href":"https:\/\/megacase.com\/fr\/wp-json\/wp\/v2\/product_brand?post=237869"},{"taxonomy":"product_cat","embeddable":true,"href":"https:\/\/megacase.com\/fr\/wp-json\/wp\/v2\/product_cat?post=237869"},{"taxonomy":"product_tag","embeddable":true,"href":"https:\/\/megacase.com\/fr\/wp-json\/wp\/v2\/product_tag?post=237869"}],"curies":[{"name":"wp","href":"https:\/\/api.w.org\/{rel}","templated":true}]}}