{"id":237845,"date":"2022-07-11T13:02:07","date_gmt":"2022-07-11T11:02:07","guid":{"rendered":"https:\/\/megacase.com\/product\/flightcase-optoma-cinemax-p2\/"},"modified":"2026-03-26T13:32:07","modified_gmt":"2026-03-26T12:32:07","slug":"flightcase-optoma-cinemax-p2","status":"publish","type":"product","link":"https:\/\/megacase.com\/fr\/produit\/flightcase-optoma-cinemax-p2\/","title":{"rendered":"Flightcase Optoma Cinemax P2"},"content":{"rendered":"<p>\u00c9tui assorti pour un projecteur Optoma Cinemax P2<br \/>\nen multiplex de 6,8 mm recouvert de r\u00e9sine ph\u00e9nolique<br \/>\nCouleur marron<br \/>\nBord en aluminium 25 x 25 mm<br \/>\n2 fermoirs papillon moyen<br \/>\n1 poign\u00e9e en cuir<br \/>\n8 coins boule moyen<br \/>\n2 charni\u00e8res verrouillables<br \/>\nrembourrage en mousse<br \/>\nCompartiment \u00e0 accessoires rembourr\u00e9 de 15 cm de large<br \/>\nFabriqu\u00e9 en Allemagne<br \/>\nDimensions ext\u00e9rieures LxPxH : environ 882 x 460 x 227<br \/>\nPoids : environ 11,4 kg<\/p>\n","protected":false},"excerpt":{"rendered":"<p>\u00c9tui assorti pour un projecteur Optoma Cinemax P2 en multiplex de 6,8 mm recouvert de r\u00e9sine ph\u00e9nolique Couleur marron Bord<\/p>\n","protected":false},"featured_media":237834,"template":"","meta":{"_acf_changed":false},"product_brand":[],"product_cat":[15967],"product_tag":[],"class_list":{"0":"post-237845","1":"product","2":"type-product","3":"status-publish","4":"has-post-thumbnail","6":"product_cat-beamercase-utilisation","8":"first","9":"instock","10":"taxable","11":"shipping-taxable","12":"purchasable","13":"product-type-simple"},"acf":[],"_links":{"self":[{"href":"https:\/\/megacase.com\/fr\/wp-json\/wp\/v2\/product\/237845","targetHints":{"allow":["GET"]}}],"collection":[{"href":"https:\/\/megacase.com\/fr\/wp-json\/wp\/v2\/product"}],"about":[{"href":"https:\/\/megacase.com\/fr\/wp-json\/wp\/v2\/types\/product"}],"wp:featuredmedia":[{"embeddable":true,"href":"https:\/\/megacase.com\/fr\/wp-json\/wp\/v2\/media\/237834"}],"wp:attachment":[{"href":"https:\/\/megacase.com\/fr\/wp-json\/wp\/v2\/media?parent=237845"}],"wp:term":[{"taxonomy":"product_brand","embeddable":true,"href":"https:\/\/megacase.com\/fr\/wp-json\/wp\/v2\/product_brand?post=237845"},{"taxonomy":"product_cat","embeddable":true,"href":"https:\/\/megacase.com\/fr\/wp-json\/wp\/v2\/product_cat?post=237845"},{"taxonomy":"product_tag","embeddable":true,"href":"https:\/\/megacase.com\/fr\/wp-json\/wp\/v2\/product_tag?post=237845"}],"curies":[{"name":"wp","href":"https:\/\/api.w.org\/{rel}","templated":true}]}}