{"id":237805,"date":"2022-07-11T12:55:31","date_gmt":"2022-07-11T10:55:31","guid":{"rendered":"https:\/\/megacase.com\/product\/flightcase-glockenklang-6-box\/"},"modified":"2026-03-26T13:32:07","modified_gmt":"2026-03-26T12:32:07","slug":"flightcase-glockenklang-6-box","status":"publish","type":"product","link":"https:\/\/megacase.com\/fr\/produit\/flightcase-glockenklang-6-box\/","title":{"rendered":"Flightcase Glockenklang 6-Box"},"content":{"rendered":"<p>Caisse \u00e0 une porte assortie pour un Glockenklang 6 box 6&#215;10&Prime;<br \/>\nen multiplex de 9 mm recouvert de PVC<br \/>\nLa couleur noire<br \/>\nBord en aluminium 30 x 30 mm<br \/>\n5 fermoirs papillon moyen<br \/>\n4 poign\u00e9es pliantes moyennes<br \/>\n8 grands coins boule \u00e9tag\u00e9s<br \/>\n4 roulettes pivotantes dont 2 avec frein<br \/>\nTrappe de service arri\u00e8re pour panneau de connexion<br \/>\nrembourrage en mousse<br \/>\nLa bo\u00eete peut \u00eatre utilis\u00e9e dans le bo\u00eetier<br \/>\nFabriqu\u00e9 en Allemagne<br \/>\nDimensions ext\u00e9rieures LxPxH : environ 685 x 585 x 1275 mm<br \/>\nPoids : environ 40,2 kg<\/p>\n","protected":false},"excerpt":{"rendered":"<p>Caisse \u00e0 une porte assortie pour un Glockenklang 6 box 6&#215;10&Prime; en multiplex de 9 mm recouvert de PVC La<\/p>\n","protected":false},"featured_media":237794,"template":"","meta":{"_acf_changed":false},"product_brand":[],"product_cat":[15152],"product_tag":[],"class_list":{"0":"post-237805","1":"product","2":"type-product","3":"status-publish","4":"has-post-thumbnail","6":"product_cat-audio-utilisation","8":"first","9":"instock","10":"taxable","11":"shipping-taxable","12":"purchasable","13":"product-type-simple"},"acf":[],"_links":{"self":[{"href":"https:\/\/megacase.com\/fr\/wp-json\/wp\/v2\/product\/237805","targetHints":{"allow":["GET"]}}],"collection":[{"href":"https:\/\/megacase.com\/fr\/wp-json\/wp\/v2\/product"}],"about":[{"href":"https:\/\/megacase.com\/fr\/wp-json\/wp\/v2\/types\/product"}],"wp:featuredmedia":[{"embeddable":true,"href":"https:\/\/megacase.com\/fr\/wp-json\/wp\/v2\/media\/237794"}],"wp:attachment":[{"href":"https:\/\/megacase.com\/fr\/wp-json\/wp\/v2\/media?parent=237805"}],"wp:term":[{"taxonomy":"product_brand","embeddable":true,"href":"https:\/\/megacase.com\/fr\/wp-json\/wp\/v2\/product_brand?post=237805"},{"taxonomy":"product_cat","embeddable":true,"href":"https:\/\/megacase.com\/fr\/wp-json\/wp\/v2\/product_cat?post=237805"},{"taxonomy":"product_tag","embeddable":true,"href":"https:\/\/megacase.com\/fr\/wp-json\/wp\/v2\/product_tag?post=237805"}],"curies":[{"name":"wp","href":"https:\/\/api.w.org\/{rel}","templated":true}]}}