{"id":237765,"date":"2022-07-11T11:57:57","date_gmt":"2022-07-11T09:57:57","guid":{"rendered":"https:\/\/megacase.com\/product\/flightcase-2x-adj-fog-fury-jett\/"},"modified":"2026-03-26T13:32:07","modified_gmt":"2026-03-26T12:32:07","slug":"flightcase-2x-adj-fog-fury-jett","status":"publish","type":"product","link":"https:\/\/megacase.com\/fr\/produit\/flightcase-2x-adj-fog-fury-jett\/","title":{"rendered":"Flightcase 2x ADJ Fog Fury Jett"},"content":{"rendered":"<p>Valise de transport adapt\u00e9e pour 2 American DJ Fury Jett<br \/>\nen multiplex de 6,8 mm recouvert de r\u00e9sine ph\u00e9nolique<br \/>\nCouleur marron<br \/>\nBord en aluminium 30 x 30 mm<br \/>\n2 fermoirs papillon moyen<br \/>\n4 poign\u00e9es pliantes moyennes<br \/>\n8 coins boule moyen<br \/>\n2 charni\u00e8res verrouillables<br \/>\n4 roulettes pivotantes dont 2 avec frein<br \/>\ncompartiments rembourr\u00e9s<br \/>\nFabriqu\u00e9 en Allemagne<br \/>\nDimensions ext\u00e9rieures LxPxH : environ 625 x 465 x 520 mm<br \/>\nPoids : environ 18,9 kg<\/p>\n","protected":false},"excerpt":{"rendered":"<p>Valise de transport adapt\u00e9e pour 2 American DJ Fury Jett en multiplex de 6,8 mm recouvert de r\u00e9sine ph\u00e9nolique Couleur<\/p>\n","protected":false},"featured_media":237754,"template":"","meta":{"_acf_changed":false},"product_brand":[],"product_cat":[15923],"product_tag":[],"class_list":{"0":"post-237765","1":"product","2":"type-product","3":"status-publish","4":"has-post-thumbnail","6":"product_cat-smoke-machine-utilisation","8":"first","9":"instock","10":"taxable","11":"shipping-taxable","12":"purchasable","13":"product-type-simple"},"acf":[],"_links":{"self":[{"href":"https:\/\/megacase.com\/fr\/wp-json\/wp\/v2\/product\/237765","targetHints":{"allow":["GET"]}}],"collection":[{"href":"https:\/\/megacase.com\/fr\/wp-json\/wp\/v2\/product"}],"about":[{"href":"https:\/\/megacase.com\/fr\/wp-json\/wp\/v2\/types\/product"}],"wp:featuredmedia":[{"embeddable":true,"href":"https:\/\/megacase.com\/fr\/wp-json\/wp\/v2\/media\/237754"}],"wp:attachment":[{"href":"https:\/\/megacase.com\/fr\/wp-json\/wp\/v2\/media?parent=237765"}],"wp:term":[{"taxonomy":"product_brand","embeddable":true,"href":"https:\/\/megacase.com\/fr\/wp-json\/wp\/v2\/product_brand?post=237765"},{"taxonomy":"product_cat","embeddable":true,"href":"https:\/\/megacase.com\/fr\/wp-json\/wp\/v2\/product_cat?post=237765"},{"taxonomy":"product_tag","embeddable":true,"href":"https:\/\/megacase.com\/fr\/wp-json\/wp\/v2\/product_tag?post=237765"}],"curies":[{"name":"wp","href":"https:\/\/api.w.org\/{rel}","templated":true}]}}