{"id":237629,"date":"2022-07-11T11:37:14","date_gmt":"2022-07-11T09:37:14","guid":{"rendered":"https:\/\/megacase.com\/product\/flip-down-case-ah-dlive-c3500-flex\/"},"modified":"2026-03-26T13:32:08","modified_gmt":"2026-03-26T12:32:08","slug":"flip-down-case-ah-dlive-c3500-flex","status":"publish","type":"product","link":"https:\/\/megacase.com\/fr\/produit\/flip-down-case-ah-dlive-c3500-flex\/","title":{"rendered":"Flip Down Case A&#038;H dLive C3500 Flex"},"content":{"rendered":"<p>Mallette professionnelle \u00e0 roulettes pour table de mixage A&amp;H dLive C3500 avec cassette de mixage amovible<br \/>\nen multiplex de 9 mm recouvert de pvc<br \/>\nCouleur noir RAL 9004<br \/>\n4 grands fermoirs papillon<br \/>\n8 poign\u00e9es pliantes lourdes<br \/>\nPoign\u00e9es int\u00e9gr\u00e9es \u00e0 2 bords<br \/>\n8 boules corners larges<br \/>\nCharni\u00e8res \u00e0 3 angles<br \/>\n2 loquets pour compartiments d&rsquo;accessoires<br \/>\nCharni\u00e8re \u00e0 4 vis<br \/>\n4 roulettes pivotantes 100 mm dont 2 avec frein<br \/>\nrembourrage en mousse<br \/>\n2 x panneaux lat\u00e9raux adapt\u00e9s pour A&amp;H dLive C3500<br \/>\nvis de blocage<br \/>\nPassage de c\u00e2ble dans le dockhouse<br \/>\n2 ressorts \u00e0 gaz<br \/>\n4 \u00e9cluses de quai dont 1 verrouillable<br \/>\n4 pieds en caoutchouc 38&#215;20 mm<br \/>\n2 compartiments accessoires<br \/>\n1 tube adaptateur pour bras de moniteur<br \/>\nFabriqu\u00e9 en Allemagne<br \/>\nDimensions ext\u00e9rieures LxPxH environ : 1145 x 565 x 1065 mm<br \/>\nPoids environ 91,8 kg<\/p>\n","protected":false},"excerpt":{"rendered":"<p>Mallette professionnelle \u00e0 roulettes pour table de mixage A&amp;H dLive C3500 avec cassette de mixage amovible en multiplex de 9<\/p>\n","protected":false},"featured_media":237614,"template":"","meta":{"_acf_changed":false},"product_brand":[],"product_cat":[13828],"product_tag":[],"class_list":{"0":"post-237629","1":"product","2":"type-product","3":"status-publish","4":"has-post-thumbnail","6":"product_cat-mischpult-cases-fr","8":"first","9":"instock","10":"taxable","11":"shipping-taxable","12":"purchasable","13":"product-type-simple"},"acf":[],"_links":{"self":[{"href":"https:\/\/megacase.com\/fr\/wp-json\/wp\/v2\/product\/237629","targetHints":{"allow":["GET"]}}],"collection":[{"href":"https:\/\/megacase.com\/fr\/wp-json\/wp\/v2\/product"}],"about":[{"href":"https:\/\/megacase.com\/fr\/wp-json\/wp\/v2\/types\/product"}],"wp:featuredmedia":[{"embeddable":true,"href":"https:\/\/megacase.com\/fr\/wp-json\/wp\/v2\/media\/237614"}],"wp:attachment":[{"href":"https:\/\/megacase.com\/fr\/wp-json\/wp\/v2\/media?parent=237629"}],"wp:term":[{"taxonomy":"product_brand","embeddable":true,"href":"https:\/\/megacase.com\/fr\/wp-json\/wp\/v2\/product_brand?post=237629"},{"taxonomy":"product_cat","embeddable":true,"href":"https:\/\/megacase.com\/fr\/wp-json\/wp\/v2\/product_cat?post=237629"},{"taxonomy":"product_tag","embeddable":true,"href":"https:\/\/megacase.com\/fr\/wp-json\/wp\/v2\/product_tag?post=237629"}],"curies":[{"name":"wp","href":"https:\/\/api.w.org\/{rel}","templated":true}]}}