{"id":237493,"date":"2022-07-11T11:18:36","date_gmt":"2022-07-11T09:18:36","guid":{"rendered":"https:\/\/megacase.com\/product\/flightcase-bose-l1-pro32-sat\/"},"modified":"2026-03-26T13:32:09","modified_gmt":"2026-03-26T12:32:09","slug":"flightcase-bose-l1-pro32-sat","status":"publish","type":"product","link":"https:\/\/megacase.com\/fr\/produit\/flightcase-bose-l1-pro32-sat\/","title":{"rendered":"Flightcase Bose L1 Pro32 Sat"},"content":{"rendered":"<p>Valise de transport adapt\u00e9e pour 2 satellites Bose L1 Pro32<br \/>\nen multiplex de 6,8 mm recouvert de r\u00e9sine ph\u00e9nolique<br \/>\nCouleur marron<br \/>\nBord en aluminium 30 x 30 mm<br \/>\n2 fermoirs papillon moyen<br \/>\n5 poign\u00e9es pliantes moyennes<br \/>\n3 charni\u00e8res verrouillables<br \/>\n8 coins boule moyen<br \/>\nrembourrage en mousse<br \/>\nFabriqu\u00e9 en Allemagne<br \/>\nDimensions ext\u00e9rieures LxPxH : environ 1180 x 550 x 218<br \/>\nPoids : environ 14,4 kg<\/p>\n","protected":false},"excerpt":{"rendered":"<p>Valise de transport adapt\u00e9e pour 2 satellites Bose L1 Pro32 en multiplex de 6,8 mm recouvert de r\u00e9sine ph\u00e9nolique Couleur<\/p>\n","protected":false},"featured_media":237486,"template":"","meta":{"_acf_changed":false},"product_brand":[],"product_cat":[15152],"product_tag":[],"class_list":{"0":"post-237493","1":"product","2":"type-product","3":"status-publish","4":"has-post-thumbnail","6":"product_cat-audio-utilisation","8":"first","9":"instock","10":"taxable","11":"shipping-taxable","12":"purchasable","13":"product-type-simple"},"acf":[],"_links":{"self":[{"href":"https:\/\/megacase.com\/fr\/wp-json\/wp\/v2\/product\/237493","targetHints":{"allow":["GET"]}}],"collection":[{"href":"https:\/\/megacase.com\/fr\/wp-json\/wp\/v2\/product"}],"about":[{"href":"https:\/\/megacase.com\/fr\/wp-json\/wp\/v2\/types\/product"}],"wp:featuredmedia":[{"embeddable":true,"href":"https:\/\/megacase.com\/fr\/wp-json\/wp\/v2\/media\/237486"}],"wp:attachment":[{"href":"https:\/\/megacase.com\/fr\/wp-json\/wp\/v2\/media?parent=237493"}],"wp:term":[{"taxonomy":"product_brand","embeddable":true,"href":"https:\/\/megacase.com\/fr\/wp-json\/wp\/v2\/product_brand?post=237493"},{"taxonomy":"product_cat","embeddable":true,"href":"https:\/\/megacase.com\/fr\/wp-json\/wp\/v2\/product_cat?post=237493"},{"taxonomy":"product_tag","embeddable":true,"href":"https:\/\/megacase.com\/fr\/wp-json\/wp\/v2\/product_tag?post=237493"}],"curies":[{"name":"wp","href":"https:\/\/api.w.org\/{rel}","templated":true}]}}