{"id":237452,"date":"2022-07-11T11:06:55","date_gmt":"2022-07-11T09:06:55","guid":{"rendered":"https:\/\/megacase.com\/product\/l-rack-20u-60-wheel\/"},"modified":"2026-03-26T13:32:09","modified_gmt":"2026-03-26T12:32:09","slug":"l-rack-20u-60-wheel","status":"publish","type":"product","link":"https:\/\/megacase.com\/fr\/produit\/l-rack-20u-60-wheel\/","title":{"rendered":"L-Rack 20U 60 + wheel"},"content":{"rendered":"<p>Flight-case d&rsquo;angle<br \/>\n20 U de hauteur utile<br \/>\nprofondeur d&rsquo;encastrement 60 cm<br \/>\n62 cm de profondeur de corps<br \/>\nContreplaqu\u00e9 de 6,8 mm recouvert de r\u00e9sine ph\u00e9nolique<br \/>\nCouleur marron<br \/>\nChant en aluminium 25&#215;25 mm<br \/>\n7 papillon moyen \u00e0 ressort<br \/>\n4 poign\u00e9es pliantes moyennes<br \/>\n4 roulettes pivotantes dont 2 avec frein<br \/>\n8 coins sph\u00e9riques en acier moyen<br \/>\nTrappe de service grande<br \/>\nRail de rack avant et sup\u00e9rieur<br \/>\njeu de vis<br \/>\nFabriqu\u00e9 en Allemagne<br \/>\nDimensions ext\u00e9rieures LxPxH : environ 555 x 715 x 1155 mm<br \/>\nPoids : environ 32,4 kg<\/p>\n","protected":false},"excerpt":{"rendered":"<p>Flight-case d&rsquo;angle 20 U de hauteur utile profondeur d&rsquo;encastrement 60 cm 62 cm de profondeur de corps Contreplaqu\u00e9 de 6,8<\/p>\n","protected":false},"featured_media":237445,"template":"","meta":{"_acf_changed":false},"product_brand":[],"product_cat":[13593],"product_tag":[],"class_list":{"0":"post-237452","1":"product","2":"type-product","3":"status-publish","4":"has-post-thumbnail","6":"product_cat-racks-fr","8":"first","9":"instock","10":"taxable","11":"shipping-taxable","12":"purchasable","13":"product-type-simple"},"acf":[],"_links":{"self":[{"href":"https:\/\/megacase.com\/fr\/wp-json\/wp\/v2\/product\/237452","targetHints":{"allow":["GET"]}}],"collection":[{"href":"https:\/\/megacase.com\/fr\/wp-json\/wp\/v2\/product"}],"about":[{"href":"https:\/\/megacase.com\/fr\/wp-json\/wp\/v2\/types\/product"}],"wp:featuredmedia":[{"embeddable":true,"href":"https:\/\/megacase.com\/fr\/wp-json\/wp\/v2\/media\/237445"}],"wp:attachment":[{"href":"https:\/\/megacase.com\/fr\/wp-json\/wp\/v2\/media?parent=237452"}],"wp:term":[{"taxonomy":"product_brand","embeddable":true,"href":"https:\/\/megacase.com\/fr\/wp-json\/wp\/v2\/product_brand?post=237452"},{"taxonomy":"product_cat","embeddable":true,"href":"https:\/\/megacase.com\/fr\/wp-json\/wp\/v2\/product_cat?post=237452"},{"taxonomy":"product_tag","embeddable":true,"href":"https:\/\/megacase.com\/fr\/wp-json\/wp\/v2\/product_tag?post=237452"}],"curies":[{"name":"wp","href":"https:\/\/api.w.org\/{rel}","templated":true}]}}