{"id":237134,"date":"2022-07-06T16:21:43","date_gmt":"2022-07-06T14:21:43","guid":{"rendered":"https:\/\/megacase.com\/product\/workstation-office-case-2\/"},"modified":"2026-03-26T13:32:10","modified_gmt":"2026-03-26T12:32:10","slug":"workstation-office-case-2","status":"publish","type":"product","link":"https:\/\/megacase.com\/fr\/produit\/workstation-office-case-2\/","title":{"rendered":"Workstation Office Case"},"content":{"rendered":"<p>Trappe de service lat\u00e9rale pour le passage des c\u00e2bles<br \/>\nCouvercle sup\u00e9rieur pouvant \u00eatre ouvert et prot\u00e9g\u00e9 contre la fermeture par des ressorts \u00e0 pression de gaz<br \/>\nPlan de travail sup\u00e9rieur<br \/>\nCompartiment de rangement \u00e0 gauche<br \/>\nDeux tiroirs en bas \u00e0 gauche d&rsquo;une dimension int\u00e9rieure d&rsquo;environ (LxPxH) : 324 x 525 x 206 mm, compartiment de rangement droit<br \/>\nSous un autre compartiment de rangement, il peut \u00eatre utilis\u00e9 comme rack 19&Prime; au moyen de rails fournis (non install\u00e9s)<br \/>\nEn contreplaqu\u00e9 de bouleau \u00e9pais de 9 mm<br \/>\nCouleur : noir<br \/>\nProfil\u00e9s aluminium de 35 x 35 mm avec rainure pour rivet<br \/>\n6 fermetures papillons m\u00e9dium<br \/>\n8 grandes poign\u00e9es r\u00e9tractables<br \/>\n8 grands coins sph\u00e9riques<br \/>\n2 charni\u00e8res de couvercle m\u00e9dium avec but\u00e9e \u00e0 clic<br \/>\n2 ressorts de pression \u00e0 gaz<br \/>\n4 roulettes pivotantes, dont 2 avec frein<br \/>\nPassage de c\u00e2bles sur le plan de travail et passage de c\u00e2bles sur le c\u00f4t\u00e9 pour<br \/>\nDimensions ext\u00e9rieures environ (LxPxH) : 1200 x 755 x 930 mm<br \/>\nPoids : 88,8 kg<br \/>\nFabriqu\u00e9 en Allemagne<\/p>\n","protected":false},"excerpt":{"rendered":"<p>Trappe de service lat\u00e9rale pour le passage des c\u00e2bles Couvercle sup\u00e9rieur pouvant \u00eatre ouvert et prot\u00e9g\u00e9 contre la fermeture par<\/p>\n","protected":false},"featured_media":237111,"template":"","meta":{"_acf_changed":false},"product_brand":[],"product_cat":[13755],"product_tag":[],"class_list":{"0":"post-237134","1":"product","2":"type-product","3":"status-publish","4":"has-post-thumbnail","6":"product_cat-universal-flightcases-fr","8":"first","9":"instock","10":"taxable","11":"shipping-taxable","12":"purchasable","13":"product-type-simple"},"acf":[],"_links":{"self":[{"href":"https:\/\/megacase.com\/fr\/wp-json\/wp\/v2\/product\/237134","targetHints":{"allow":["GET"]}}],"collection":[{"href":"https:\/\/megacase.com\/fr\/wp-json\/wp\/v2\/product"}],"about":[{"href":"https:\/\/megacase.com\/fr\/wp-json\/wp\/v2\/types\/product"}],"wp:featuredmedia":[{"embeddable":true,"href":"https:\/\/megacase.com\/fr\/wp-json\/wp\/v2\/media\/237111"}],"wp:attachment":[{"href":"https:\/\/megacase.com\/fr\/wp-json\/wp\/v2\/media?parent=237134"}],"wp:term":[{"taxonomy":"product_brand","embeddable":true,"href":"https:\/\/megacase.com\/fr\/wp-json\/wp\/v2\/product_brand?post=237134"},{"taxonomy":"product_cat","embeddable":true,"href":"https:\/\/megacase.com\/fr\/wp-json\/wp\/v2\/product_cat?post=237134"},{"taxonomy":"product_tag","embeddable":true,"href":"https:\/\/megacase.com\/fr\/wp-json\/wp\/v2\/product_tag?post=237134"}],"curies":[{"name":"wp","href":"https:\/\/api.w.org\/{rel}","templated":true}]}}