{"id":237047,"date":"2022-07-06T12:31:50","date_gmt":"2022-07-06T10:31:50","guid":{"rendered":"https:\/\/megacase.com\/product\/workstation-ma-grandma3-compact-xt\/"},"modified":"2026-03-26T13:16:04","modified_gmt":"2026-03-26T12:16:04","slug":"workstation-ma-grandma3-compact-xt","status":"publish","type":"product","link":"https:\/\/megacase.com\/fr\/produit\/workstation-ma-grandma3-compact-xt\/","title":{"rendered":"Workstation MA GrandMA3 Compact XT"},"content":{"rendered":"<p>Valise de poste de travail adapt\u00e9e pour un pupitre de commande d&rsquo;\u00e9clairage MA GrandMA3 Compact XT<br \/>\nmultiplex de 9 mm rev\u00eatu de PVC<br \/>\nLa couleur noire<br \/>\nBord en aluminium 30 x 30 mm<br \/>\n8 cadenas papillon, moyen<br \/>\n8 poign\u00e9es rabattables, moyennes<br \/>\n8 coins sph\u00e9riques larges<br \/>\n2 glissi\u00e8res<br \/>\n4 roulettes pivotantes dont 2 frein\u00e9es<br \/>\nEspace rack 2U sous le bureau<br \/>\nTiroir clavier<br \/>\nRembourrage en mousse<br \/>\npasse-c\u00e2bles recouvert \u00e0 l&rsquo;arri\u00e8re<br \/>\nAcc\u00e8s \u00e0 l&rsquo;espace rack<br \/>\nFabriqu\u00e9 en Allemagne<br \/>\nDimensions ext\u00e9rieures LxPxH : environ 925 x 810 x 355 mm<br \/>\nPoids : environ 41,8 kg<\/p>\n","protected":false},"excerpt":{"rendered":"<p>Valise de poste de travail adapt\u00e9e pour un pupitre de commande d&rsquo;\u00e9clairage MA GrandMA3 Compact XT multiplex de 9 mm<\/p>\n","protected":false},"featured_media":237024,"template":"","meta":{"_acf_changed":false},"product_brand":[],"product_cat":[13828],"product_tag":[],"class_list":{"0":"post-237047","1":"product","2":"type-product","3":"status-publish","4":"has-post-thumbnail","6":"product_cat-mischpult-cases-fr","8":"first","9":"instock","10":"taxable","11":"shipping-taxable","12":"purchasable","13":"product-type-simple"},"acf":[],"_links":{"self":[{"href":"https:\/\/megacase.com\/fr\/wp-json\/wp\/v2\/product\/237047","targetHints":{"allow":["GET"]}}],"collection":[{"href":"https:\/\/megacase.com\/fr\/wp-json\/wp\/v2\/product"}],"about":[{"href":"https:\/\/megacase.com\/fr\/wp-json\/wp\/v2\/types\/product"}],"wp:featuredmedia":[{"embeddable":true,"href":"https:\/\/megacase.com\/fr\/wp-json\/wp\/v2\/media\/237024"}],"wp:attachment":[{"href":"https:\/\/megacase.com\/fr\/wp-json\/wp\/v2\/media?parent=237047"}],"wp:term":[{"taxonomy":"product_brand","embeddable":true,"href":"https:\/\/megacase.com\/fr\/wp-json\/wp\/v2\/product_brand?post=237047"},{"taxonomy":"product_cat","embeddable":true,"href":"https:\/\/megacase.com\/fr\/wp-json\/wp\/v2\/product_cat?post=237047"},{"taxonomy":"product_tag","embeddable":true,"href":"https:\/\/megacase.com\/fr\/wp-json\/wp\/v2\/product_tag?post=237047"}],"curies":[{"name":"wp","href":"https:\/\/api.w.org\/{rel}","templated":true}]}}