{"id":236785,"date":"2022-07-06T11:25:42","date_gmt":"2022-07-06T09:25:42","guid":{"rendered":"https:\/\/megacase.com\/product\/hoodcase-ld-systems-stinger-sub-18\/"},"modified":"2026-03-26T13:16:06","modified_gmt":"2026-03-26T12:16:06","slug":"hoodcase-ld-systems-stinger-sub-18","status":"publish","type":"product","link":"https:\/\/megacase.com\/fr\/produit\/hoodcase-ld-systems-stinger-sub-18\/","title":{"rendered":"Hoodcase LD Systems Stinger Sub 18"},"content":{"rendered":"<p>Couvercle de protection assorti pour un Subwoofer Sub 18 Stinger Stinger Stinge 18 \/ A G3<br \/>\n\u00e0 partir de 6,8 mm de r\u00e9sine ph\u00e9nolique multiplex de bouleau enrocie<br \/>\nCouleur marron<br \/>\n30 x 30 mm d&rsquo;aluminium<br \/>\n4 coins plats<br \/>\n2 diapositive<br \/>\nProfil de hutte ci-dessous<br \/>\nRembourrage en mousse<br \/>\nSortie pour bol \u00e0 grip<br \/>\nFabriqu\u00e9 en Allemagne<br \/>\nDimensions ext\u00e9rieures LxPxH: env. 740 x 610 x 805 mm<br \/>\nPoids: env. 14,5 kg<\/p>\n","protected":false},"excerpt":{"rendered":"<p>Couvercle de protection assorti pour un Subwoofer Sub 18 Stinger Stinger Stinge 18 \/ A G3 \u00e0 partir de 6,8<\/p>\n","protected":false},"featured_media":236782,"template":"","meta":{"_acf_changed":false},"product_brand":[],"product_cat":[15152],"product_tag":[],"class_list":{"0":"post-236785","1":"product","2":"type-product","3":"status-publish","4":"has-post-thumbnail","6":"product_cat-audio-utilisation","8":"first","9":"instock","10":"taxable","11":"shipping-taxable","12":"purchasable","13":"product-type-simple"},"acf":[],"_links":{"self":[{"href":"https:\/\/megacase.com\/fr\/wp-json\/wp\/v2\/product\/236785","targetHints":{"allow":["GET"]}}],"collection":[{"href":"https:\/\/megacase.com\/fr\/wp-json\/wp\/v2\/product"}],"about":[{"href":"https:\/\/megacase.com\/fr\/wp-json\/wp\/v2\/types\/product"}],"wp:featuredmedia":[{"embeddable":true,"href":"https:\/\/megacase.com\/fr\/wp-json\/wp\/v2\/media\/236782"}],"wp:attachment":[{"href":"https:\/\/megacase.com\/fr\/wp-json\/wp\/v2\/media?parent=236785"}],"wp:term":[{"taxonomy":"product_brand","embeddable":true,"href":"https:\/\/megacase.com\/fr\/wp-json\/wp\/v2\/product_brand?post=236785"},{"taxonomy":"product_cat","embeddable":true,"href":"https:\/\/megacase.com\/fr\/wp-json\/wp\/v2\/product_cat?post=236785"},{"taxonomy":"product_tag","embeddable":true,"href":"https:\/\/megacase.com\/fr\/wp-json\/wp\/v2\/product_tag?post=236785"}],"curies":[{"name":"wp","href":"https:\/\/api.w.org\/{rel}","templated":true}]}}